{"id":62,"date":"2023-05-27T23:39:37","date_gmt":"2023-05-27T21:39:37","guid":{"rendered":"https:\/\/jeremieb.fr\/?page_id=62"},"modified":"2024-10-24T22:09:15","modified_gmt":"2024-10-24T20:09:15","slug":"mon-experience-professionnelle","status":"publish","type":"page","link":"https:\/\/jeremieb.fr\/index.php\/mon-experience-professionnelle\/","title":{"rendered":"Mon exp\u00e9rience professionnelle"},"content":{"rendered":"\n<p>Je vous propose d&rsquo;entrer plus dans le d\u00e9tail de mon exp\u00e9rience professionnelle ; cette page  peut s&rsquo;accompagner d&rsquo;une lecture transverse de mes comp\u00e9tences par domaine.<\/p>\n\n\n\n<p><strong><span style=\"text-decoration: underline;\">Manager SIRH<\/span><\/strong><\/p>\n\n\n\n<p><strong><em>ConvictionsRH<\/em><\/strong><br><em>Depuis Septembre 2023 jusqu&rsquo;\u00e0 aujourd&rsquo;hui<\/em><\/p>\n\n\n\n<div class=\"wp-block-columns is-layout-flex wp-container-core-columns-is-layout-28f84493 wp-block-columns-is-layout-flex\">\n<div class=\"wp-block-column is-layout-flow wp-block-column-is-layout-flow\" style=\"flex-basis:66.66%\">\n<ul class=\"wp-block-list\">\n<li>Consultants sur des projets SIRH (Direction de projet, PMO, AMOA, Strat\u00e9gie SIRH, Cahier des charges, Aide au choix)<\/li>\n\n\n\n<li>Co-pilotage des activit\u00e9s IA de ConvictionsRH<\/li>\n\n\n\n<li>Activit\u00e9s commerciales et relations \u00e9diteurs<\/li>\n\n\n\n<li>Responsable et\/ou contributeurs de publications et travaux collectif \u00e0 destination de l&rsquo;interne, des prospects ou des clients<\/li>\n\n\n\n<li>R\u00e9f\u00e9rents de 3 r\u00e9f\u00e9r\u00e9s (manag\u00e9s).<\/li>\n<\/ul>\n<\/div>\n\n\n\n<div class=\"wp-block-column is-layout-flow wp-block-column-is-layout-flow\" style=\"flex-basis:33.33%\">\n<figure class=\"wp-block-image size-large\"><img loading=\"lazy\" decoding=\"async\" width=\"1024\" height=\"241\" src=\"https:\/\/jeremieb.fr\/wp-content\/uploads\/2024\/10\/convictions-RH-VF-RVB-HD-1024x241.jpg\" alt=\"\" class=\"wp-image-474\" srcset=\"https:\/\/jeremieb.fr\/wp-content\/uploads\/2024\/10\/convictions-RH-VF-RVB-HD-1024x241.jpg 1024w, https:\/\/jeremieb.fr\/wp-content\/uploads\/2024\/10\/convictions-RH-VF-RVB-HD-300x70.jpg 300w, https:\/\/jeremieb.fr\/wp-content\/uploads\/2024\/10\/convictions-RH-VF-RVB-HD-768x180.jpg 768w, https:\/\/jeremieb.fr\/wp-content\/uploads\/2024\/10\/convictions-RH-VF-RVB-HD.jpg 1362w\" sizes=\"auto, (max-width: 1024px) 100vw, 1024px\" \/><\/figure>\n<\/div>\n<\/div>\n\n\n\n<hr class=\"wp-block-separator has-alpha-channel-opacity\"\/>\n\n\n\n<p><strong><span style=\"text-decoration: underline;\">Responsable M\u00e9thode, Qualit\u00e9 et Formation<\/span><\/strong><\/p>\n\n\n\n<p><em><strong>Asys<\/strong><\/em><br><em>De Mars 2020 \u00e0 Ao\u00fbt 2024<\/em><\/p>\n\n\n\n<div class=\"wp-block-columns is-layout-flex wp-container-core-columns-is-layout-28f84493 wp-block-columns-is-layout-flex\">\n<div class=\"wp-block-column is-layout-flow wp-block-column-is-layout-flow\" style=\"flex-basis:66.66%\">\n<ul class=\"wp-block-list\">\n<li>Management d&rsquo;une \u00e9quipe de 4 personnes<\/li>\n\n\n\n<li>Pilotage d&rsquo;une \u00e9quipe et des objectifs associ\u00e9s<\/li>\n\n\n\n<li>Mise en place, suivi et audit des processus m\u00e9tier et projet<\/li>\n\n\n\n<li>Conception et maintien des r\u00e9f\u00e9rentiels projets<\/li>\n\n\n\n<li>Mise en place de la capitalisation projet et service<\/li>\n\n\n\n<li>Innovation p\u00e9dagogique : Pilotage, choix et d\u00e9ploiement d&rsquo;une plateforme LMS<\/li>\n\n\n\n<li>Soutien transverse aux \u00e9quipes (Direction, Produit, R&amp;D, Technique, DSI, RH, Commerce, Marketing et Communication)<\/li>\n\n\n\n<li>Suivi de la satisfaction client et plans d&rsquo;actions associ\u00e9s<\/li>\n<\/ul>\n<\/div>\n\n\n\n<div class=\"wp-block-column is-vertically-aligned-center is-layout-flow wp-block-column-is-layout-flow\" style=\"flex-basis:33.33%\"><div class=\"wp-block-image is-style-rounded\">\n<figure class=\"aligncenter size-full\"><img loading=\"lazy\" decoding=\"async\" width=\"782\" height=\"216\" src=\"http:\/\/jeremieb.fr\/wp-content\/uploads\/2023\/05\/Asys-DIGITAL-hrz-RVB.jpg\" alt=\"\" class=\"wp-image-50\" srcset=\"https:\/\/jeremieb.fr\/wp-content\/uploads\/2023\/05\/Asys-DIGITAL-hrz-RVB.jpg 782w, https:\/\/jeremieb.fr\/wp-content\/uploads\/2023\/05\/Asys-DIGITAL-hrz-RVB-300x83.jpg 300w, https:\/\/jeremieb.fr\/wp-content\/uploads\/2023\/05\/Asys-DIGITAL-hrz-RVB-768x212.jpg 768w\" sizes=\"auto, (max-width: 782px) 100vw, 782px\" \/><\/figure>\n<\/div><\/div>\n<\/div>\n\n\n\n<hr class=\"wp-block-separator has-alpha-channel-opacity\"\/>\n\n\n\n<p><strong><span style=\"text-decoration: underline;\"><strong>Consultant SIRH, GTA, AMOA<\/strong><\/span><\/strong><\/p>\n\n\n\n<p><strong><em>Asys, Aderhis, CGI<\/em><\/strong><br><em>De Juin 2007 \u00e0 D\u00e9cembre 2018<\/em><\/p>\n\n\n\n<div class=\"wp-block-columns is-layout-flex wp-container-core-columns-is-layout-28f84493 wp-block-columns-is-layout-flex\">\n<div class=\"wp-block-column is-layout-flow wp-block-column-is-layout-flow\" style=\"flex-basis:66.66%\">\n<ul class=\"wp-block-list\">\n<li>Mise en oeuvre de GTA (eTemptation et Chronos)\n<ul class=\"wp-block-list\">\n<li>Analyse de besoin &#8211; R\u00e9daction des sp\u00e9cifications<\/li>\n\n\n\n<li>Param\u00e9trage et documentation<\/li>\n\n\n\n<li>Formation : support et animation<\/li>\n\n\n\n<li>Recette et assistance \u00e0 la recette<\/li>\n\n\n\n<li>D\u00e9ploiement<\/li>\n<\/ul>\n<\/li>\n\n\n\n<li>Pilotage de projet et de chantiers fonctionnels<\/li>\n\n\n\n<li>Assistance \u00e0 Ma\u00eetrise d&rsquo;Ouvrage (Insee, Direction des affaires maritimes, DomusVie, Puy du Fou)<\/li>\n\n\n\n<li>Conduite du changement et accompagnement client<\/li>\n\n\n\n<li><\/li>\n<\/ul>\n<\/div>\n\n\n\n<div class=\"wp-block-column is-layout-flow wp-block-column-is-layout-flow\" style=\"flex-basis:33.33%\"><div class=\"wp-block-image\">\n<figure class=\"aligncenter size-full is-resized\"><img loading=\"lazy\" decoding=\"async\" width=\"782\" height=\"216\" src=\"http:\/\/jeremieb.fr\/wp-content\/uploads\/2023\/05\/Asys-DIGITAL-hrz-RVB.jpg\" alt=\"\" class=\"wp-image-50\" style=\"width:185px;height:51px\" srcset=\"https:\/\/jeremieb.fr\/wp-content\/uploads\/2023\/05\/Asys-DIGITAL-hrz-RVB.jpg 782w, https:\/\/jeremieb.fr\/wp-content\/uploads\/2023\/05\/Asys-DIGITAL-hrz-RVB-300x83.jpg 300w, https:\/\/jeremieb.fr\/wp-content\/uploads\/2023\/05\/Asys-DIGITAL-hrz-RVB-768x212.jpg 768w\" sizes=\"auto, (max-width: 782px) 100vw, 782px\" \/><\/figure>\n<\/div>\n\n\n<p><\/p>\n\n\n<div class=\"wp-block-image\">\n<figure class=\"aligncenter size-full is-resized\"><img loading=\"lazy\" decoding=\"async\" width=\"640\" height=\"320\" src=\"http:\/\/jeremieb.fr\/wp-content\/uploads\/2023\/05\/f97a657bab1409a89a58fa6b0c5f16d6.png\" alt=\"\" class=\"wp-image-51\" style=\"width:156px;height:78px\" srcset=\"https:\/\/jeremieb.fr\/wp-content\/uploads\/2023\/05\/f97a657bab1409a89a58fa6b0c5f16d6.png 640w, https:\/\/jeremieb.fr\/wp-content\/uploads\/2023\/05\/f97a657bab1409a89a58fa6b0c5f16d6-300x150.png 300w\" sizes=\"auto, (max-width: 640px) 100vw, 640px\" \/><\/figure>\n<\/div>\n\n\n<p><\/p>\n\n\n<div class=\"wp-block-image\">\n<figure class=\"aligncenter size-large is-resized\"><img loading=\"lazy\" decoding=\"async\" width=\"1024\" height=\"480\" src=\"http:\/\/jeremieb.fr\/wp-content\/uploads\/2023\/05\/CGI_logo.svg_-1024x480.png\" alt=\"\" class=\"wp-image-52\" style=\"width:123px;height:57px\" srcset=\"https:\/\/jeremieb.fr\/wp-content\/uploads\/2023\/05\/CGI_logo.svg_-1024x480.png 1024w, https:\/\/jeremieb.fr\/wp-content\/uploads\/2023\/05\/CGI_logo.svg_-300x141.png 300w, https:\/\/jeremieb.fr\/wp-content\/uploads\/2023\/05\/CGI_logo.svg_-768x360.png 768w, https:\/\/jeremieb.fr\/wp-content\/uploads\/2023\/05\/CGI_logo.svg_-1536x720.png 1536w, https:\/\/jeremieb.fr\/wp-content\/uploads\/2023\/05\/CGI_logo.svg_-2048x960.png 2048w\" sizes=\"auto, (max-width: 1024px) 100vw, 1024px\" \/><\/figure>\n<\/div><\/div>\n<\/div>\n\n\n\n<hr class=\"wp-block-separator has-alpha-channel-opacity\"\/>\n\n\n\n<p><strong><span style=\"text-decoration: underline;\">Cours sur le SIRH et projet SIRH &#8211; Interventions en tant que professeur vacataire<\/span><\/strong><\/p>\n\n\n\n<p><em>Depuis Septembre 2014 jusqu&rsquo;\u00e0 aujourd&rsquo;hui<\/em> <\/p>\n\n\n\n<div class=\"wp-block-columns is-layout-flex wp-container-core-columns-is-layout-28f84493 wp-block-columns-is-layout-flex\">\n<div class=\"wp-block-column is-layout-flow wp-block-column-is-layout-flow\" style=\"flex-basis:66.66%\">\n<ul class=\"wp-block-list\">\n<li>IAE-IGR de Rennes &#8211; Master 2 RH \n<ul class=\"wp-block-list\">\n<li>depuis 2018<\/li>\n<\/ul>\n<\/li>\n\n\n\n<li>CNAM de Nantes &#8211; Licence 3 RH\n<ul class=\"wp-block-list\">\n<li>depuis 2022<\/li>\n<\/ul>\n<\/li>\n\n\n\n<li>M2I Nantes et Lyon &#8211; POEI SIRH\n<ul class=\"wp-block-list\">\n<li>depuis 2022<\/li>\n<\/ul>\n<\/li>\n\n\n\n<li>CNAM de La Roche sur Yon  &#8211; Licence 3 RH\n<ul class=\"wp-block-list\">\n<li>de 2020 \u00e0 2022<\/li>\n<\/ul>\n<\/li>\n\n\n\n<li>IUT de Nantes &#8211; 2\u00e8me ann\u00e9e\n<ul class=\"wp-block-list\">\n<li>de 2017 \u00e0 2019<\/li>\n<\/ul>\n<\/li>\n\n\n\n<li>EMA Vend\u00e9e (Montaigu) &#8211; Master 1 RH\n<ul class=\"wp-block-list\">\n<li>de 2014 \u00e0 2017<\/li>\n<\/ul>\n<\/li>\n<\/ul>\n<\/div>\n\n\n\n<div class=\"wp-block-column is-vertically-aligned-center is-layout-flow wp-block-column-is-layout-flow\" style=\"flex-basis:33.33%\"><div class=\"wp-block-image\">\n<figure class=\"aligncenter size-full is-resized\"><img loading=\"lazy\" decoding=\"async\" width=\"379\" height=\"133\" src=\"https:\/\/jeremieb.fr\/wp-content\/uploads\/2023\/05\/telechargement-1.jpeg\" alt=\"\" class=\"wp-image-59\" style=\"width:211px;height:74px\" srcset=\"https:\/\/jeremieb.fr\/wp-content\/uploads\/2023\/05\/telechargement-1.jpeg 379w, https:\/\/jeremieb.fr\/wp-content\/uploads\/2023\/05\/telechargement-1-300x105.jpeg 300w\" sizes=\"auto, (max-width: 379px) 100vw, 379px\" \/><\/figure>\n<\/div>\n\n\n<ul class=\"wp-block-list\">\n<li><\/li>\n<\/ul>\n\n\n\n<p><\/p>\n\n\n<div class=\"wp-block-image\">\n<figure class=\"aligncenter size-full is-resized\"><img loading=\"lazy\" decoding=\"async\" width=\"225\" height=\"225\" src=\"https:\/\/jeremieb.fr\/wp-content\/uploads\/2023\/05\/telechargement.png\" alt=\"\" class=\"wp-image-60\" style=\"width:87px;height:87px\" srcset=\"https:\/\/jeremieb.fr\/wp-content\/uploads\/2023\/05\/telechargement.png 225w, https:\/\/jeremieb.fr\/wp-content\/uploads\/2023\/05\/telechargement-150x150.png 150w\" sizes=\"auto, (max-width: 225px) 100vw, 225px\" \/><\/figure>\n<\/div>\n\n\n<p><\/p>\n\n\n<div class=\"wp-block-image\">\n<figure class=\"aligncenter size-full is-resized\"><img loading=\"lazy\" decoding=\"async\" width=\"225\" height=\"225\" src=\"https:\/\/jeremieb.fr\/wp-content\/uploads\/2023\/05\/m2i-1.png\" alt=\"\" class=\"wp-image-104\" style=\"width:86px;height:86px\" srcset=\"https:\/\/jeremieb.fr\/wp-content\/uploads\/2023\/05\/m2i-1.png 225w, https:\/\/jeremieb.fr\/wp-content\/uploads\/2023\/05\/m2i-1-150x150.png 150w\" sizes=\"auto, (max-width: 225px) 100vw, 225px\" \/><\/figure>\n<\/div><\/div>\n<\/div>\n\n\n\n<hr class=\"wp-block-separator has-alpha-channel-opacity\"\/>\n\n\n\n<div class=\"wp-block-group\"><div class=\"wp-block-group__inner-container is-layout-constrained wp-block-group-is-layout-constrained\">\n<div class=\"wp-block-buttons is-content-justification-center is-layout-flex wp-container-core-buttons-is-layout-a89b3969 wp-block-buttons-is-layout-flex\">\n<div class=\"wp-block-button\"><a class=\"wp-block-button__link wp-element-button\" href=\"https:\/\/jeremieb.fr\/index.php\/mes-competences\" target=\"_blank\" rel=\"noreferrer noopener\">Mes comp\u00e9tences<\/a><\/div>\n\n\n\n<div class=\"wp-block-button\"><a class=\"wp-block-button__link wp-element-button\" href=\"https:\/\/jeremieb.fr\/index.php\/missions\/\" target=\"_blank\" rel=\"noreferrer noopener\">Proposition de missions<\/a><\/div>\n\n\n\n<div class=\"wp-block-button\"><a class=\"wp-block-button__link wp-element-button\" href=\"https:\/\/jeremieb.fr\/index.php\/les-formations-que-je-propose\/\" target=\"_blank\" rel=\"noreferrer noopener\">Mes interventions en formation<\/a><\/div>\n\n\n\n<div class=\"wp-block-button\"><a class=\"wp-block-button__link wp-element-button\" href=\"https:\/\/jeremieb.fr\/index.php\/mon-parcours-academique\" target=\"_blank\" rel=\"noreferrer noopener\">Mon parcours acad\u00e9mique<\/a><\/div>\n\n\n\n<div class=\"wp-block-button\"><a class=\"wp-block-button__link wp-element-button\" href=\"https:\/\/jeremieb.fr\/index.php\/mon-parcours-professionnel\" target=\"_blank\" rel=\"noreferrer noopener\">Mon parcours professionnel<\/a><\/div>\n<\/div>\n\n\n\n<hr class=\"wp-block-separator has-alpha-channel-opacity\"\/>\n<\/div><\/div>\n","protected":false},"excerpt":{"rendered":"<p>Je vous propose d&rsquo;entrer plus dans le d\u00e9tail de mon exp\u00e9rience professionnelle ; cette page peut s&rsquo;accompagner d&rsquo;une lecture transverse de mes comp\u00e9tences par domaine. Manager SIRH ConvictionsRHDepuis Septembre 2023 jusqu&rsquo;\u00e0 aujourd&rsquo;hui Responsable M\u00e9thode, Qualit\u00e9 et Formation AsysDe Mars 2020 \u00e0 Ao\u00fbt 2024 Consultant SIRH, GTA, AMOA Asys, Aderhis, CGIDe [&hellip;]<\/p>\n","protected":false},"author":1,"featured_media":0,"parent":0,"menu_order":0,"comment_status":"closed","ping_status":"closed","template":"","meta":{"om_disable_all_campaigns":false,"_monsterinsights_skip_tracking":false,"_monsterinsights_sitenote_active":false,"_monsterinsights_sitenote_note":"","_monsterinsights_sitenote_category":0,"_uf_show_specific_survey":0,"_uf_disable_surveys":false,"footnotes":""},"class_list":["post-62","page","type-page","status-publish","hentry"],"_links":{"self":[{"href":"https:\/\/jeremieb.fr\/index.php\/wp-json\/wp\/v2\/pages\/62","targetHints":{"allow":["GET"]}}],"collection":[{"href":"https:\/\/jeremieb.fr\/index.php\/wp-json\/wp\/v2\/pages"}],"about":[{"href":"https:\/\/jeremieb.fr\/index.php\/wp-json\/wp\/v2\/types\/page"}],"author":[{"embeddable":true,"href":"https:\/\/jeremieb.fr\/index.php\/wp-json\/wp\/v2\/users\/1"}],"replies":[{"embeddable":true,"href":"https:\/\/jeremieb.fr\/index.php\/wp-json\/wp\/v2\/comments?post=62"}],"version-history":[{"count":16,"href":"https:\/\/jeremieb.fr\/index.php\/wp-json\/wp\/v2\/pages\/62\/revisions"}],"predecessor-version":[{"id":481,"href":"https:\/\/jeremieb.fr\/index.php\/wp-json\/wp\/v2\/pages\/62\/revisions\/481"}],"wp:attachment":[{"href":"https:\/\/jeremieb.fr\/index.php\/wp-json\/wp\/v2\/media?parent=62"}],"curies":[{"name":"wp","href":"https:\/\/api.w.org\/{rel}","templated":true}]}}