{"id":49,"date":"2023-05-27T23:18:02","date_gmt":"2023-05-27T21:18:02","guid":{"rendered":"https:\/\/jeremieb.fr\/?page_id=49"},"modified":"2024-10-24T22:06:18","modified_gmt":"2024-10-24T20:06:18","slug":"mon-parcours-professionnel","status":"publish","type":"page","link":"https:\/\/jeremieb.fr\/index.php\/mon-parcours-professionnel\/","title":{"rendered":"Mon parcours professionnel"},"content":{"rendered":"\n<p>Je vous pr\u00e9sente ci-dessous les grandes lignes de mon parcours , et vous pourrez trouver plus de d\u00e9tails sur mon exp\u00e9rience professionnelle et mes domaines de comp\u00e9tences sur les pages suivantes.<\/p>\n\n\n\n<div class=\"wp-block-group\"><div class=\"wp-block-group__inner-container is-layout-constrained wp-block-group-is-layout-constrained\">\n<div class=\"wp-block-buttons is-content-justification-center is-layout-flex wp-container-core-buttons-is-layout-a89b3969 wp-block-buttons-is-layout-flex\"><\/div>\n<\/div><\/div>\n\n\n<div class=\"wp-block-image\">\n<figure class=\"aligncenter size-large\"><img loading=\"lazy\" decoding=\"async\" width=\"1024\" height=\"241\" src=\"https:\/\/jeremieb.fr\/wp-content\/uploads\/2024\/10\/convictions-RH-VF-RVB-HD-1-1024x241.jpg\" alt=\"\" class=\"wp-image-476\" srcset=\"https:\/\/jeremieb.fr\/wp-content\/uploads\/2024\/10\/convictions-RH-VF-RVB-HD-1-1024x241.jpg 1024w, https:\/\/jeremieb.fr\/wp-content\/uploads\/2024\/10\/convictions-RH-VF-RVB-HD-1-300x70.jpg 300w, https:\/\/jeremieb.fr\/wp-content\/uploads\/2024\/10\/convictions-RH-VF-RVB-HD-1-768x180.jpg 768w, https:\/\/jeremieb.fr\/wp-content\/uploads\/2024\/10\/convictions-RH-VF-RVB-HD-1.jpg 1362w\" sizes=\"auto, (max-width: 1024px) 100vw, 1024px\" \/><\/figure>\n<\/div>\n\n\n<p><em>Depuis Septembre 2023 jusqu&rsquo;\u00e0 aujourd&rsquo;hui<\/em><\/p>\n\n\n\n<ul class=\"wp-block-list\">\n<li><strong>Manager SIRH<\/strong> &#8211; Consultant, au grade de Manager<\/li>\n<\/ul>\n\n\n\n<hr class=\"wp-block-separator has-alpha-channel-opacity\"\/>\n\n\n<div class=\"wp-block-image\">\n<figure class=\"aligncenter size-full is-resized\"><img loading=\"lazy\" decoding=\"async\" width=\"782\" height=\"216\" src=\"https:\/\/jeremieb.fr\/wp-content\/uploads\/2023\/05\/Asys-DIGITAL-hrz-RVB.jpg\" alt=\"\" class=\"wp-image-50\" style=\"width:311px;height:86px\" srcset=\"https:\/\/jeremieb.fr\/wp-content\/uploads\/2023\/05\/Asys-DIGITAL-hrz-RVB.jpg 782w, https:\/\/jeremieb.fr\/wp-content\/uploads\/2023\/05\/Asys-DIGITAL-hrz-RVB-300x83.jpg 300w, https:\/\/jeremieb.fr\/wp-content\/uploads\/2023\/05\/Asys-DIGITAL-hrz-RVB-768x212.jpg 768w\" sizes=\"auto, (max-width: 782px) 100vw, 782px\" \/><\/figure>\n<\/div>\n\n\n<p><\/p>\n\n\n\n<p><em>De Mars 2014 \u00e0 Ao\u00fbt 2023<\/em><\/p>\n\n\n\n<ul class=\"wp-block-list\">\n<li><strong>Responsable M\u00e9thode, Qualit\u00e9 et Formation &#8211; de Avril 2020 \u00e0 aujourd&rsquo;hui<\/strong><\/li>\n\n\n\n<li>Responsable M\u00e9thode et Qualit\u00e9 &#8211; de Janvier 2019 \u00e0 Mars 2020<\/li>\n\n\n\n<li>Consultant fonctionnel Chronos &#8211; de Mars 2014 \u00e0 D\u00e9cembre 2018<\/li>\n<\/ul>\n\n\n\n<hr class=\"wp-block-separator has-alpha-channel-opacity\"\/>\n\n\n<div class=\"wp-block-image\">\n<figure class=\"aligncenter size-full is-resized\"><img loading=\"lazy\" decoding=\"async\" width=\"640\" height=\"320\" src=\"https:\/\/jeremieb.fr\/wp-content\/uploads\/2023\/05\/f97a657bab1409a89a58fa6b0c5f16d6-1.png\" alt=\"\" class=\"wp-image-54\" style=\"width:262px;height:131px\" srcset=\"https:\/\/jeremieb.fr\/wp-content\/uploads\/2023\/05\/f97a657bab1409a89a58fa6b0c5f16d6-1.png 640w, https:\/\/jeremieb.fr\/wp-content\/uploads\/2023\/05\/f97a657bab1409a89a58fa6b0c5f16d6-1-300x150.png 300w\" sizes=\"auto, (max-width: 640px) 100vw, 640px\" \/><\/figure>\n<\/div>\n\n\n<p><em>De Octobre 2013 \u00e0 Mars 2014<\/em><\/p>\n\n\n\n<ul class=\"wp-block-list\">\n<li>Consultant SIRH &#8211; de Octobre 2013 \u00e0 Mars 2014<\/li>\n<\/ul>\n\n\n\n<hr class=\"wp-block-separator has-alpha-channel-opacity\"\/>\n\n\n<div class=\"wp-block-image\">\n<figure class=\"aligncenter size-large is-resized\"><img loading=\"lazy\" decoding=\"async\" width=\"1024\" height=\"480\" src=\"https:\/\/jeremieb.fr\/wp-content\/uploads\/2023\/05\/CGI_logo.svg_-1-1024x480.png\" alt=\"\" class=\"wp-image-55\" style=\"width:142px;height:66px\" srcset=\"https:\/\/jeremieb.fr\/wp-content\/uploads\/2023\/05\/CGI_logo.svg_-1-1024x480.png 1024w, https:\/\/jeremieb.fr\/wp-content\/uploads\/2023\/05\/CGI_logo.svg_-1-300x141.png 300w, https:\/\/jeremieb.fr\/wp-content\/uploads\/2023\/05\/CGI_logo.svg_-1-768x360.png 768w, https:\/\/jeremieb.fr\/wp-content\/uploads\/2023\/05\/CGI_logo.svg_-1-1536x720.png 1536w, https:\/\/jeremieb.fr\/wp-content\/uploads\/2023\/05\/CGI_logo.svg_-1-2048x960.png 2048w\" sizes=\"auto, (max-width: 1024px) 100vw, 1024px\" \/><\/figure>\n<\/div>\n\n\n<p><em>De Janvier 2008 \u00e0 Octobre 2013<\/em><\/p>\n\n\n\n<ul class=\"wp-block-list\">\n<li>Consultant AMOA et fonctionnel GTA &#8211; de Janvier 2008 \u00e0 Octobre 2013<\/li>\n\n\n\n<li>Consultant AMOA et charg\u00e9 d&rsquo;\u00e9venentiel &#8211; de Juin 2007 \u00e0 D\u00e9cembre 2007<\/li>\n<\/ul>\n\n\n\n<hr class=\"wp-block-separator has-alpha-channel-opacity\"\/>\n\n\n\n<div class=\"wp-block-group\"><div class=\"wp-block-group__inner-container is-layout-constrained wp-block-group-is-layout-constrained\">\n<div class=\"wp-block-buttons is-content-justification-center is-layout-flex wp-container-core-buttons-is-layout-a89b3969 wp-block-buttons-is-layout-flex\">\n<div class=\"wp-block-button is-style-fill\"><a class=\"wp-block-button__link wp-element-button\" href=\"https:\/\/jeremieb.fr\/index.php\/mon-experience-professionnelle\/\" target=\"_blank\" rel=\"noreferrer noopener\">Mon exp\u00e9rience professionnelle<\/a><\/div>\n\n\n\n<div class=\"wp-block-button\"><a class=\"wp-block-button__link wp-element-button\" href=\"https:\/\/jeremieb.fr\/index.php\/mes-competences\/\" target=\"_blank\" rel=\"noreferrer noopener\">Mes comp\u00e9tences<\/a><\/div>\n\n\n\n<div class=\"wp-block-button\"><a class=\"wp-block-button__link wp-element-button\" href=\"https:\/\/jeremieb.fr\/index.php\/missions\/\" target=\"_blank\" rel=\"noreferrer noopener\">Proposition de missions<\/a><\/div>\n\n\n\n<div class=\"wp-block-button\"><a class=\"wp-block-button__link wp-element-button\" href=\"https:\/\/jeremieb.fr\/index.php\/les-formations-que-je-propose\/\" target=\"_blank\" rel=\"noreferrer noopener\">Mes interventions en formation<\/a><\/div>\n\n\n\n<div class=\"wp-block-button\"><a class=\"wp-block-button__link wp-element-button\" href=\"https:\/\/jeremieb.fr\/index.php\/mon-parcours-academique\" target=\"_blank\" rel=\"noreferrer noopener\">Mon parcours acad\u00e9mique<\/a><\/div>\n<\/div>\n<\/div><\/div>\n\n\n\n<p><\/p>\n","protected":false},"excerpt":{"rendered":"<p>Je vous pr\u00e9sente ci-dessous les grandes lignes de mon parcours , et vous pourrez trouver plus de d\u00e9tails sur mon exp\u00e9rience professionnelle et mes domaines de comp\u00e9tences sur les pages suivantes. Depuis Septembre 2023 jusqu&rsquo;\u00e0 aujourd&rsquo;hui De Mars 2014 \u00e0 Ao\u00fbt 2023 De Octobre 2013 \u00e0 Mars 2014 De Janvier [&hellip;]<\/p>\n","protected":false},"author":1,"featured_media":0,"parent":0,"menu_order":0,"comment_status":"closed","ping_status":"closed","template":"","meta":{"om_disable_all_campaigns":false,"_monsterinsights_skip_tracking":false,"_monsterinsights_sitenote_active":false,"_monsterinsights_sitenote_note":"","_monsterinsights_sitenote_category":0,"_uf_show_specific_survey":0,"_uf_disable_surveys":false,"footnotes":""},"class_list":["post-49","page","type-page","status-publish","hentry"],"_links":{"self":[{"href":"https:\/\/jeremieb.fr\/index.php\/wp-json\/wp\/v2\/pages\/49","targetHints":{"allow":["GET"]}}],"collection":[{"href":"https:\/\/jeremieb.fr\/index.php\/wp-json\/wp\/v2\/pages"}],"about":[{"href":"https:\/\/jeremieb.fr\/index.php\/wp-json\/wp\/v2\/types\/page"}],"author":[{"embeddable":true,"href":"https:\/\/jeremieb.fr\/index.php\/wp-json\/wp\/v2\/users\/1"}],"replies":[{"embeddable":true,"href":"https:\/\/jeremieb.fr\/index.php\/wp-json\/wp\/v2\/comments?post=49"}],"version-history":[{"count":22,"href":"https:\/\/jeremieb.fr\/index.php\/wp-json\/wp\/v2\/pages\/49\/revisions"}],"predecessor-version":[{"id":480,"href":"https:\/\/jeremieb.fr\/index.php\/wp-json\/wp\/v2\/pages\/49\/revisions\/480"}],"wp:attachment":[{"href":"https:\/\/jeremieb.fr\/index.php\/wp-json\/wp\/v2\/media?parent=49"}],"curies":[{"name":"wp","href":"https:\/\/api.w.org\/{rel}","templated":true}]}}