{"id":38,"date":"2023-05-26T23:11:24","date_gmt":"2023-05-26T21:11:24","guid":{"rendered":"https:\/\/jeremieb.fr\/?page_id=38"},"modified":"2023-05-31T21:56:29","modified_gmt":"2023-05-31T19:56:29","slug":"un-peu-perso","status":"publish","type":"page","link":"https:\/\/jeremieb.fr\/index.php\/un-peu-perso\/","title":{"rendered":"(Un peu) PERSO"},"content":{"rendered":"\n<p>Sous ce th\u00e8me, se cache quelques sujets d&rsquo;investissement personnel qui vous r\u00e9v\u00e9leront sans aucun doute quelques facettes de ma personnalit\u00e9 et de mon engagement<\/p>\n\n\n\n<blockquote class=\"wp-block-quote is-layout-flow wp-block-quote-is-layout-flow\">\n<p>Cette page est en construction, mais seule la page Sport n&rsquo;est pas aliment\u00e9e<\/p>\n<\/blockquote>\n\n\n\n<div class=\"wp-block-group\"><div class=\"wp-block-group__inner-container is-layout-constrained wp-block-group-is-layout-constrained\">\n<div class=\"wp-block-buttons is-content-justification-center is-layout-flex wp-container-core-buttons-is-layout-a89b3969 wp-block-buttons-is-layout-flex\">\n<div class=\"wp-block-button\"><a class=\"wp-block-button__link wp-element-button\" href=\"https:\/\/jeremieb.fr\/index.php\/voyages-voyages\/\" target=\"_blank\" rel=\"noreferrer noopener\">Les voyages<\/a><\/div>\n\n\n\n<div class=\"wp-block-button\"><a class=\"wp-block-button__link wp-element-button\" href=\"https:\/\/jeremieb.fr\/index.php\/larbitrage\/\" target=\"_blank\" rel=\"noreferrer noopener\">L&rsquo;arbitrage<\/a><\/div>\n\n\n\n<div class=\"wp-block-button\"><a class=\"wp-block-button__link wp-element-button\" href=\"https:\/\/jeremieb.fr\/index.php\/limmobilier\/\" target=\"_blank\" rel=\"noreferrer noopener\">L&rsquo;immobilier<\/a><\/div>\n\n\n\n<div class=\"wp-block-button\"><a class=\"wp-block-button__link wp-element-button\" href=\"https:\/\/jeremieb.fr\/index.php\/mon-profil-process-com\" target=\"_blank\" rel=\"noreferrer noopener\">Mon profil PCM<\/a><\/div>\n\n\n\n<div class=\"wp-block-button\"><a class=\"wp-block-button__link wp-element-button\">Le sport<\/a><\/div>\n<\/div>\n<\/div><\/div>\n\n\n\n<hr class=\"wp-block-separator has-alpha-channel-opacity\"\/>\n","protected":false},"excerpt":{"rendered":"<p>Sous ce th\u00e8me, se cache quelques sujets d&rsquo;investissement personnel qui vous r\u00e9v\u00e9leront sans aucun doute quelques facettes de ma personnalit\u00e9 et de mon engagement Cette page est en construction, mais seule la page Sport n&rsquo;est pas aliment\u00e9e<\/p>\n","protected":false},"author":1,"featured_media":0,"parent":0,"menu_order":0,"comment_status":"closed","ping_status":"closed","template":"","meta":{"om_disable_all_campaigns":false,"_monsterinsights_skip_tracking":false,"_monsterinsights_sitenote_active":false,"_monsterinsights_sitenote_note":"","_monsterinsights_sitenote_category":0,"_uf_show_specific_survey":0,"_uf_disable_surveys":false,"footnotes":""},"class_list":["post-38","page","type-page","status-publish","hentry"],"_links":{"self":[{"href":"https:\/\/jeremieb.fr\/index.php\/wp-json\/wp\/v2\/pages\/38","targetHints":{"allow":["GET"]}}],"collection":[{"href":"https:\/\/jeremieb.fr\/index.php\/wp-json\/wp\/v2\/pages"}],"about":[{"href":"https:\/\/jeremieb.fr\/index.php\/wp-json\/wp\/v2\/types\/page"}],"author":[{"embeddable":true,"href":"https:\/\/jeremieb.fr\/index.php\/wp-json\/wp\/v2\/users\/1"}],"replies":[{"embeddable":true,"href":"https:\/\/jeremieb.fr\/index.php\/wp-json\/wp\/v2\/comments?post=38"}],"version-history":[{"count":8,"href":"https:\/\/jeremieb.fr\/index.php\/wp-json\/wp\/v2\/pages\/38\/revisions"}],"predecessor-version":[{"id":349,"href":"https:\/\/jeremieb.fr\/index.php\/wp-json\/wp\/v2\/pages\/38\/revisions\/349"}],"wp:attachment":[{"href":"https:\/\/jeremieb.fr\/index.php\/wp-json\/wp\/v2\/media?parent=38"}],"curies":[{"name":"wp","href":"https:\/\/api.w.org\/{rel}","templated":true}]}}