{"id":262,"date":"2023-05-31T09:11:43","date_gmt":"2023-05-31T07:11:43","guid":{"rendered":"https:\/\/jeremieb.fr\/?page_id=262"},"modified":"2023-05-31T09:24:24","modified_gmt":"2023-05-31T07:24:24","slug":"douarnenez","status":"publish","type":"page","link":"https:\/\/jeremieb.fr\/index.php\/douarnenez\/","title":{"rendered":"Douarnenez"},"content":{"rendered":"\n<p>Pour passer un bel \u00e9t\u00e9 (presqu&rsquo;au frais \ud83d\ude02), je vous propose un petit tour \u00e0 Douarnenez \u00e0 l&rsquo;Appart PP ! Pour en savoir plus et conna\u00eetre les disponibilit\u00e9s, <a href=\"https:\/\/www.airbnb.fr\/rooms\/14402351?guests=1&amp;adults=1&amp;s=67&amp;unique_share_id=53de4fe8-80eb-43d6-ab68-0b8be7de81da\" target=\"_blank\" rel=\"noreferrer noopener\">direction Airbnb ici<\/a>. Mais attention, il est pr\u00e9f\u00e9rable de r\u00e9server directement avec moi, vous \u00e9viterez les frais de commission.<\/p>\n\n\n\n<p>Douarnenez est un\u00a0 \u00ab\u00a0Petit port de p\u00eache face \u00e0 la statue de la libert\u00e9\u00a0\u00bb\u00a0 (R. Ansquer). Cette station baln\u00e9aire est r\u00e9put\u00e9e pour sa douceur de vie, ses 3 ports, ses plages, le kouign-aman et ses artistes.<\/p>\n\n\n<div class=\"wp-block-image\">\n<figure class=\"aligncenter size-full is-resized\"><img loading=\"lazy\" decoding=\"async\" src=\"https:\/\/jeremieb.fr\/wp-content\/uploads\/2023\/05\/image-6.png\" alt=\"\" class=\"wp-image-263\" width=\"569\" height=\"850\" srcset=\"https:\/\/jeremieb.fr\/wp-content\/uploads\/2023\/05\/image-6.png 569w, https:\/\/jeremieb.fr\/wp-content\/uploads\/2023\/05\/image-6-201x300.png 201w\" sizes=\"auto, (max-width: 569px) 100vw, 569px\" \/><\/figure>\n<\/div>\n\n\n<p><strong>Laurence, touriste ayant profit\u00e9 de l&rsquo;appartement \u00e0 Douarnenez <\/strong>: \u00ab\u00a0<em>Appartement ancien red\u00e9cor\u00e9 avec un go\u00fbt exquis. On peut s y reposer au calme avec l&rsquo;ambiance de l\u2019oc\u00e9an car on y entend les mouettes. Parking gratuit dans les rues de Dz. Id\u00e9alement plac\u00e9 pour aller \u00e0 pied dans les ruelles de la ville ou au port mus\u00e9e.\u00a0\u00bb<\/em><\/p>\n\n\n\n<ul class=\"wp-block-list\">\n<li>Note Airbnb : 4.7 \/ 5<\/li>\n\n\n\n<li>Note Booking : 8.8 \/ 10<\/li>\n<\/ul>\n","protected":false},"excerpt":{"rendered":"<p>Pour passer un bel \u00e9t\u00e9 (presqu&rsquo;au frais \ud83d\ude02), je vous propose un petit tour \u00e0 Douarnenez \u00e0 l&rsquo;Appart PP ! Pour en savoir plus et conna\u00eetre les disponibilit\u00e9s, direction Airbnb ici. Mais attention, il est pr\u00e9f\u00e9rable de r\u00e9server directement avec moi, vous \u00e9viterez les frais de commission. Douarnenez est un\u00a0 [&hellip;]<\/p>\n","protected":false},"author":1,"featured_media":0,"parent":0,"menu_order":0,"comment_status":"closed","ping_status":"closed","template":"","meta":{"om_disable_all_campaigns":false,"_monsterinsights_skip_tracking":false,"_monsterinsights_sitenote_active":false,"_monsterinsights_sitenote_note":"","_monsterinsights_sitenote_category":0,"_uf_show_specific_survey":0,"_uf_disable_surveys":false,"footnotes":""},"class_list":["post-262","page","type-page","status-publish","hentry"],"_links":{"self":[{"href":"https:\/\/jeremieb.fr\/index.php\/wp-json\/wp\/v2\/pages\/262","targetHints":{"allow":["GET"]}}],"collection":[{"href":"https:\/\/jeremieb.fr\/index.php\/wp-json\/wp\/v2\/pages"}],"about":[{"href":"https:\/\/jeremieb.fr\/index.php\/wp-json\/wp\/v2\/types\/page"}],"author":[{"embeddable":true,"href":"https:\/\/jeremieb.fr\/index.php\/wp-json\/wp\/v2\/users\/1"}],"replies":[{"embeddable":true,"href":"https:\/\/jeremieb.fr\/index.php\/wp-json\/wp\/v2\/comments?post=262"}],"version-history":[{"count":3,"href":"https:\/\/jeremieb.fr\/index.php\/wp-json\/wp\/v2\/pages\/262\/revisions"}],"predecessor-version":[{"id":273,"href":"https:\/\/jeremieb.fr\/index.php\/wp-json\/wp\/v2\/pages\/262\/revisions\/273"}],"wp:attachment":[{"href":"https:\/\/jeremieb.fr\/index.php\/wp-json\/wp\/v2\/media?parent=262"}],"curies":[{"name":"wp","href":"https:\/\/api.w.org\/{rel}","templated":true}]}}