{"id":255,"date":"2023-05-31T07:40:39","date_gmt":"2023-05-31T05:40:39","guid":{"rendered":"https:\/\/jeremieb.fr\/?page_id=255"},"modified":"2023-05-31T09:28:50","modified_gmt":"2023-05-31T07:28:50","slug":"la-mongie","status":"publish","type":"page","link":"https:\/\/jeremieb.fr\/index.php\/la-mongie\/","title":{"rendered":"La Mongie"},"content":{"rendered":"\n<p>Au choix ! Le Petit La Mongie ou La Mongie Yes ! Pour plus de photos, n&rsquo;h\u00e9sitez pas \u00e0 me contacter, et pour les disponibilit\u00e9s c&rsquo;est visible sur <a rel=\"noreferrer noopener\" href=\"https:\/\/9a320196.smoobu.net\/fr\/\" target=\"_blank\">notre Channel Manager Smoobu<\/a>.<\/p>\n\n\n\n<p>La Mongie est la station de sports d\u2019hiver offrant le plus grand domaine skiable des Pyr\u00e9n\u00e9es fran\u00e7aises. En \u00e9t\u00e9, la station se transforme en zone pastorale (lama, chevaux, moutons, vaches&#8230;et marmottes) et offre de multiples loisirs de plein air (randonn\u00e9es, trails, VTT, escalade, parapente\u2026).<br>C\u2019est aussi le point d\u2019acc\u00e8s, en hiver comme en \u00e9t\u00e9, pour le Pic du Midi.<\/p>\n\n\n\n<div class=\"wp-block-columns is-layout-flex wp-container-core-columns-is-layout-28f84493 wp-block-columns-is-layout-flex\">\n<div class=\"wp-block-column is-layout-flow wp-block-column-is-layout-flow\">\n<figure class=\"wp-block-image size-full\"><img loading=\"lazy\" decoding=\"async\" width=\"632\" height=\"865\" src=\"https:\/\/jeremieb.fr\/wp-content\/uploads\/2023\/05\/image-5.png\" alt=\"\" class=\"wp-image-258\" srcset=\"https:\/\/jeremieb.fr\/wp-content\/uploads\/2023\/05\/image-5.png 632w, https:\/\/jeremieb.fr\/wp-content\/uploads\/2023\/05\/image-5-219x300.png 219w\" sizes=\"auto, (max-width: 632px) 100vw, 632px\" \/><\/figure>\n<\/div>\n\n\n\n<div class=\"wp-block-column is-layout-flow wp-block-column-is-layout-flow\">\n<figure class=\"wp-block-image size-full\"><img loading=\"lazy\" decoding=\"async\" width=\"559\" height=\"885\" src=\"https:\/\/jeremieb.fr\/wp-content\/uploads\/2023\/05\/image-4.png\" alt=\"\" class=\"wp-image-257\" srcset=\"https:\/\/jeremieb.fr\/wp-content\/uploads\/2023\/05\/image-4.png 559w, https:\/\/jeremieb.fr\/wp-content\/uploads\/2023\/05\/image-4-189x300.png 189w\" sizes=\"auto, (max-width: 559px) 100vw, 559px\" \/><\/figure>\n<\/div>\n<\/div>\n\n\n\n<div class=\"wp-block-columns is-layout-flex wp-container-core-columns-is-layout-28f84493 wp-block-columns-is-layout-flex\">\n<div class=\"wp-block-column is-layout-flow wp-block-column-is-layout-flow\">\n<p class=\"has-text-align-center\"><strong>Tarifs <\/strong>&nbsp;(\u00e0 partir de, et \u00e0 la semaine)<br>600 \u20ac en hiver (vacances scolaires)<br>350 \u20ac en hiver&nbsp;(hors vacances sco.)<br>200\u20ac autres saisons<\/p>\n<\/div>\n\n\n\n<div class=\"wp-block-column is-layout-flow wp-block-column-is-layout-flow\">\n<p class=\"has-text-align-center\"><strong>Tarifs  <\/strong>(\u00e0 partir de,&nbsp;\u00e0 la nuit ou semaine)<br>1100 \u20ac \/ sem. en hiver (vacances scolaires)<br>550 \u20ac \/ sem. en hiver&nbsp;(hors vacances sco.)<br>40 \u20ac \/ nuit autres saisons<\/p>\n<\/div>\n<\/div>\n\n\n\n<div class=\"wp-block-columns is-layout-flex wp-container-core-columns-is-layout-28f84493 wp-block-columns-is-layout-flex\">\n<div class=\"wp-block-column is-layout-flow wp-block-column-is-layout-flow\">\n<p><strong>Margot a r\u00e9sid\u00e9 au Petit La Mongie <\/strong>: \u00ab\u00a0<em>Appartement en pleine montagne et parfait pour des balades m\u00eame en hors saison ! Emplacement calme et agr\u00e9able<\/em>\u00a0\u00bb <\/p>\n\n\n\n<ul class=\"wp-block-list\">\n<li>Note Airbnb 4.8 \/ 5<\/li>\n\n\n\n<li>Note Booking 9 \/ 10<\/li>\n<\/ul>\n<\/div>\n\n\n\n<div class=\"wp-block-column is-layout-flow wp-block-column-is-layout-flow\">\n<p><strong><em>Maude a r\u00e9serv\u00e9 et s\u00e9journ\u00e9 \u00e0 La Mongie Yes ! <\/em><\/strong><em>:<\/em><br>\u00ab\u00a0<em>Bel appartement avec tr\u00e8s belle vue. Il y a beaucoup de place ce qui est rare dans les appartements \u00e0 la montagne Tout est pens\u00e9 pour le bien \u00eatre des occupants.<\/em>\u00ab\u00a0<\/p>\n\n\n\n<ul class=\"wp-block-list\">\n<li>Note Airbnb 4.7 \/ 5<\/li>\n\n\n\n<li>Note Booking 8.4 \/ 10<\/li>\n<\/ul>\n<\/div>\n<\/div>\n\n\n\n<p class=\"has-text-align-center\">Direction le nord-ouest et la Bretagne <a href=\"https:\/\/jeremieb.fr\/index.php\/douarnenez\/\">&#8230; par l\u00e0<\/a><\/p>\n","protected":false},"excerpt":{"rendered":"<p>Au choix ! Le Petit La Mongie ou La Mongie Yes ! Pour plus de photos, n&rsquo;h\u00e9sitez pas \u00e0 me contacter, et pour les disponibilit\u00e9s c&rsquo;est visible sur notre Channel Manager Smoobu. La Mongie est la station de sports d\u2019hiver offrant le plus grand domaine skiable des Pyr\u00e9n\u00e9es fran\u00e7aises. En [&hellip;]<\/p>\n","protected":false},"author":1,"featured_media":0,"parent":0,"menu_order":0,"comment_status":"closed","ping_status":"closed","template":"","meta":{"om_disable_all_campaigns":false,"_monsterinsights_skip_tracking":false,"_monsterinsights_sitenote_active":false,"_monsterinsights_sitenote_note":"","_monsterinsights_sitenote_category":0,"_uf_show_specific_survey":0,"_uf_disable_surveys":false,"footnotes":""},"class_list":["post-255","page","type-page","status-publish","hentry"],"_links":{"self":[{"href":"https:\/\/jeremieb.fr\/index.php\/wp-json\/wp\/v2\/pages\/255","targetHints":{"allow":["GET"]}}],"collection":[{"href":"https:\/\/jeremieb.fr\/index.php\/wp-json\/wp\/v2\/pages"}],"about":[{"href":"https:\/\/jeremieb.fr\/index.php\/wp-json\/wp\/v2\/types\/page"}],"author":[{"embeddable":true,"href":"https:\/\/jeremieb.fr\/index.php\/wp-json\/wp\/v2\/users\/1"}],"replies":[{"embeddable":true,"href":"https:\/\/jeremieb.fr\/index.php\/wp-json\/wp\/v2\/comments?post=255"}],"version-history":[{"count":4,"href":"https:\/\/jeremieb.fr\/index.php\/wp-json\/wp\/v2\/pages\/255\/revisions"}],"predecessor-version":[{"id":274,"href":"https:\/\/jeremieb.fr\/index.php\/wp-json\/wp\/v2\/pages\/255\/revisions\/274"}],"wp:attachment":[{"href":"https:\/\/jeremieb.fr\/index.php\/wp-json\/wp\/v2\/media?parent=255"}],"curies":[{"name":"wp","href":"https:\/\/api.w.org\/{rel}","templated":true}]}}