{"id":249,"date":"2023-05-31T07:34:11","date_gmt":"2023-05-31T05:34:11","guid":{"rendered":"https:\/\/jeremieb.fr\/?page_id=249"},"modified":"2023-05-31T09:25:49","modified_gmt":"2023-05-31T07:25:49","slug":"envie-devasion-pour-un-week-end-quelques-jours-ou-une-semaine","status":"publish","type":"page","link":"https:\/\/jeremieb.fr\/index.php\/envie-devasion-pour-un-week-end-quelques-jours-ou-une-semaine\/","title":{"rendered":"Envie d&rsquo;\u00e9vasion pour un week-end, quelques jours ou une semaine"},"content":{"rendered":"\n<p class=\"has-text-align-center\">J&rsquo;ai ce qu&rsquo;il vous faut ! <br>La Mongie dans les Pyr\u00e9n\u00e9es en \u00e9t\u00e9 ou en hiver <a rel=\"noreferrer noopener\" href=\"https:\/\/jeremieb.fr\/index.php\/la-mongie\/\" target=\"_blank\">c&rsquo;est par ici<\/a> <br>Douarnenez dans le Finist\u00e8re <a href=\"https:\/\/jeremieb.fr\/index.php\/douarnenez\/\" target=\"_blank\" rel=\"noreferrer noopener\">c&rsquo;est par l\u00e0<\/a><\/p>\n\n\n<div class=\"wp-block-image\">\n<figure class=\"aligncenter size-full\"><img loading=\"lazy\" decoding=\"async\" width=\"605\" height=\"945\" src=\"https:\/\/jeremieb.fr\/wp-content\/uploads\/2023\/05\/image-2.png\" alt=\"\" class=\"wp-image-252\" srcset=\"https:\/\/jeremieb.fr\/wp-content\/uploads\/2023\/05\/image-2.png 605w, https:\/\/jeremieb.fr\/wp-content\/uploads\/2023\/05\/image-2-192x300.png 192w\" sizes=\"auto, (max-width: 605px) 100vw, 605px\" \/><\/figure>\n<\/div>","protected":false},"excerpt":{"rendered":"<p>J&rsquo;ai ce qu&rsquo;il vous faut ! La Mongie dans les Pyr\u00e9n\u00e9es en \u00e9t\u00e9 ou en hiver c&rsquo;est par ici Douarnenez dans le Finist\u00e8re c&rsquo;est par l\u00e0<\/p>\n","protected":false},"author":1,"featured_media":0,"parent":0,"menu_order":0,"comment_status":"closed","ping_status":"closed","template":"","meta":{"om_disable_all_campaigns":false,"_monsterinsights_skip_tracking":false,"_monsterinsights_sitenote_active":false,"_monsterinsights_sitenote_note":"","_monsterinsights_sitenote_category":0,"_uf_show_specific_survey":0,"_uf_disable_surveys":false,"footnotes":""},"class_list":["post-249","page","type-page","status-publish","hentry"],"_links":{"self":[{"href":"https:\/\/jeremieb.fr\/index.php\/wp-json\/wp\/v2\/pages\/249","targetHints":{"allow":["GET"]}}],"collection":[{"href":"https:\/\/jeremieb.fr\/index.php\/wp-json\/wp\/v2\/pages"}],"about":[{"href":"https:\/\/jeremieb.fr\/index.php\/wp-json\/wp\/v2\/types\/page"}],"author":[{"embeddable":true,"href":"https:\/\/jeremieb.fr\/index.php\/wp-json\/wp\/v2\/users\/1"}],"replies":[{"embeddable":true,"href":"https:\/\/jeremieb.fr\/index.php\/wp-json\/wp\/v2\/comments?post=249"}],"version-history":[{"count":3,"href":"https:\/\/jeremieb.fr\/index.php\/wp-json\/wp\/v2\/pages\/249\/revisions"}],"predecessor-version":[{"id":270,"href":"https:\/\/jeremieb.fr\/index.php\/wp-json\/wp\/v2\/pages\/249\/revisions\/270"}],"wp:attachment":[{"href":"https:\/\/jeremieb.fr\/index.php\/wp-json\/wp\/v2\/media?parent=249"}],"curies":[{"name":"wp","href":"https:\/\/api.w.org\/{rel}","templated":true}]}}