{"id":203,"date":"2023-05-30T21:54:42","date_gmt":"2023-05-30T19:54:42","guid":{"rendered":"https:\/\/jeremieb.fr\/?page_id=203"},"modified":"2023-06-05T22:52:48","modified_gmt":"2023-06-05T20:52:48","slug":"les-formations-que-je-propose","status":"publish","type":"page","link":"https:\/\/jeremieb.fr\/index.php\/les-formations-que-je-propose\/","title":{"rendered":"Les formations que je propose"},"content":{"rendered":"\n<h2 class=\"wp-block-heading\">Formation sur le SIRH<\/h2>\n\n\n\n<p>\ud83d\udc68\u200d\ud83c\udf93 Public : de Bac + 2 \u00e0 Master 2<\/p>\n\n\n\n<p>\ud83c\udfa8 Parcours : formation initiale, continue ou en reconversion<\/p>\n\n\n\n<p>\u23f2 Dur\u00e9e : de 3h \u00e0 35h de contenu<\/p>\n\n\n\n<p>\ud83c\udfa4 Format : en 1\/2 journ\u00e9e ou journ\u00e9e &#8211; pr\u00e9sentiel ou distanciel<\/p>\n\n\n\n<p>\ud83d\uded2 Contenu disponible pour les cours :<\/p>\n\n\n\n<ul class=\"wp-block-list\">\n<li>Contextualisation m\u00e9tier (si hors parcours RH &#8211; exemple des POEI)<\/li>\n\n\n\n<li>D\u00e9finition, description, \u00e9cosyst\u00e8me, int\u00e9r\u00eats et objectifs d&rsquo;un SIRH<\/li>\n\n\n\n<li>Histoire du SIRH (uniquement si 35h de cours)<\/li>\n\n\n\n<li>Probl\u00e9matiques, avantages et inconv\u00e9nients d&rsquo;un SIRH<\/li>\n\n\n\n<li>Les briques m\u00e9tiers du SIRH en 3 domaines : \n<ul class=\"wp-block-list\">\n<li>Administratif : gestion administrative, paie, GTA planification et suivi d&rsquo;activit\u00e9, note de frais et transport, e-rh et portail RH<\/li>\n\n\n\n<li>D\u00e9veloppement du collaborateur : recrutement, onboarding, formation, entretien et \u00e9valuation, GEPP, Gestion des talents et successions, e-learning<\/li>\n\n\n\n<li>Pilotage social et autres : Reporting et BI, CGS, Compensation &amp; Benefits, D\u00e9mat\u00e9rialisation, Knowledge Management, R\u00e9seaux Sociaux d&rsquo;Entreprise<\/li>\n\n\n\n<li>Focus GTA (si int\u00e9gration en entreprise)<\/li>\n<\/ul>\n<\/li>\n\n\n\n<li>Processus m\u00e9tiers et SIRH<\/li>\n\n\n\n<li>Manipulation d&rsquo;un outil du SIRH (si partenariat par exemple)<\/li>\n\n\n\n<li>Rencontre d&rsquo;un \u00e9diteur de l&rsquo;\u00e9co-syst\u00e8me (les acteurs, les attentes, le fonctionnement)<\/li>\n\n\n\n<li>Cahier des charges et grille de choix de la solution\/du prestataire<\/li>\n\n\n\n<li>Les interfaces et les reprises de donn\u00e9es<\/li>\n\n\n\n<li>Un projet SIRH et ses phases<\/li>\n\n\n\n<li>Les acteurs des SIRH<\/li>\n\n\n\n<li>Technologie (SaaS, SSO, Environnements projets, API, Webservices, Agilit\u00e9&#8230;)<\/li>\n<\/ul>\n\n\n\n<p>\ud83d\udd28 M\u00e9thodologie : mon cr\u00e9do est de proposer des cours anim\u00e9s, en mouvement et vari\u00e9s, bas\u00e9s sur des activit\u00e9s de groupes, r\u00e9flexions collectives et mises en situation. Je suis convaincu que les apprenants retiennent plus sous ce format que dans un sch\u00e9ma descendant classique. Je compl\u00e8te, par exemple, avec des icebreakers et des Kahoot, et je me suis familiaris\u00e9 \u00e0 des plateformes de type Moodle ou Rise Up pour la mise \u00e0 disposition de contenus.<\/p>\n\n\n\n<p>\ud83c\udfc6 Validation des acquis : dossier d&rsquo;entreprise, devoir sur table, questionnaire en ligne (dans le cadre d&rsquo;un suivi continu ou interm\u00e9diaire), soutenance.<\/p>\n\n\n\n<p>\ud83e\udd17 Depuis 2014, ils m&rsquo;ont fait confiance : EMA Vend\u00e9e (Master 2), IUT de Nantes, CNAM de la Roche sur Yon (Licence 3), CNAM de Nantes (Licence 3), IGR-IAE de Rennes (Master 2 formations continue et initiale), M2i Formation (POEI)<\/p>\n\n\n\n<p> <\/p>\n\n\n\n<p><\/p>\n\n\n\n<h2 class=\"wp-block-heading\">Les formations que j&rsquo;anime \u00e9galement<\/h2>\n\n\n\n<ul class=\"wp-block-list\">\n<li>Projet SI(RH)<\/li>\n\n\n\n<li>M\u00e9tier du consultant<\/li>\n\n\n\n<li>M\u00e9tier du DP<\/li>\n\n\n\n<li>M\u00e9tier du support \/ back office<\/li>\n\n\n\n<li>Posture du consultant<\/li>\n\n\n\n<li>Formation produit Chronos<\/li>\n<\/ul>\n\n\n\n<p><\/p>\n\n\n\n<div class=\"wp-block-buttons is-content-justification-center is-layout-flex wp-container-core-buttons-is-layout-a89b3969 wp-block-buttons-is-layout-flex\">\n<div class=\"wp-block-button\"><a class=\"wp-block-button__link wp-element-button\" href=\"https:\/\/jeremieb.fr\/index.php\/mon-parcours-academique\/\" target=\"_blank\" rel=\"noreferrer noopener\">Mon parcours acad\u00e9mique<\/a><\/div>\n\n\n\n<div class=\"wp-block-button\"><a class=\"wp-block-button__link wp-element-button\" href=\"https:\/\/jeremieb.fr\/index.php\/mon-parcours-professionnel\" target=\"_blank\" rel=\"noreferrer noopener\">Mon parcours professionnel<\/a><\/div>\n\n\n\n<div class=\"wp-block-button is-style-fill\"><a class=\"wp-block-button__link wp-element-button\" href=\"https:\/\/jeremieb.fr\/index.php\/mon-experience-professionnelle\/\" target=\"_blank\" rel=\"noreferrer noopener\">Mon exp\u00e9rience professionnelle<\/a><\/div>\n\n\n\n<div class=\"wp-block-button\"><a class=\"wp-block-button__link wp-element-button\" href=\"https:\/\/jeremieb.fr\/index.php\/mes-competences\" target=\"_blank\" rel=\"noreferrer noopener\">Mes comp\u00e9tences<\/a><\/div>\n\n\n\n<div class=\"wp-block-button\"><a class=\"wp-block-button__link wp-element-button\" href=\"https:\/\/jeremieb.fr\/index.php\/missions\/\" target=\"_blank\" rel=\"noreferrer noopener\">Proposition de missions<\/a><\/div>\n<\/div>\n","protected":false},"excerpt":{"rendered":"<p>Formation sur le SIRH \ud83d\udc68\u200d\ud83c\udf93 Public : de Bac + 2 \u00e0 Master 2 \ud83c\udfa8 Parcours : formation initiale, continue ou en reconversion \u23f2 Dur\u00e9e : de 3h \u00e0 35h de contenu \ud83c\udfa4 Format : en 1\/2 journ\u00e9e ou journ\u00e9e &#8211; pr\u00e9sentiel ou distanciel \ud83d\uded2 Contenu disponible pour les cours [&hellip;]<\/p>\n","protected":false},"author":1,"featured_media":0,"parent":0,"menu_order":0,"comment_status":"closed","ping_status":"closed","template":"","meta":{"om_disable_all_campaigns":false,"_monsterinsights_skip_tracking":false,"_monsterinsights_sitenote_active":false,"_monsterinsights_sitenote_note":"","_monsterinsights_sitenote_category":0,"_uf_show_specific_survey":0,"_uf_disable_surveys":false,"footnotes":""},"class_list":["post-203","page","type-page","status-publish","hentry"],"_links":{"self":[{"href":"https:\/\/jeremieb.fr\/index.php\/wp-json\/wp\/v2\/pages\/203","targetHints":{"allow":["GET"]}}],"collection":[{"href":"https:\/\/jeremieb.fr\/index.php\/wp-json\/wp\/v2\/pages"}],"about":[{"href":"https:\/\/jeremieb.fr\/index.php\/wp-json\/wp\/v2\/types\/page"}],"author":[{"embeddable":true,"href":"https:\/\/jeremieb.fr\/index.php\/wp-json\/wp\/v2\/users\/1"}],"replies":[{"embeddable":true,"href":"https:\/\/jeremieb.fr\/index.php\/wp-json\/wp\/v2\/comments?post=203"}],"version-history":[{"count":9,"href":"https:\/\/jeremieb.fr\/index.php\/wp-json\/wp\/v2\/pages\/203\/revisions"}],"predecessor-version":[{"id":445,"href":"https:\/\/jeremieb.fr\/index.php\/wp-json\/wp\/v2\/pages\/203\/revisions\/445"}],"wp:attachment":[{"href":"https:\/\/jeremieb.fr\/index.php\/wp-json\/wp\/v2\/media?parent=203"}],"curies":[{"name":"wp","href":"https:\/\/api.w.org\/{rel}","templated":true}]}}