{"id":2,"date":"2023-05-25T16:31:45","date_gmt":"2023-05-25T14:31:45","guid":{"rendered":"http:\/\/jeremieb.fr\/?page_id=2"},"modified":"2023-07-25T15:40:25","modified_gmt":"2023-07-25T13:40:25","slug":"pro","status":"publish","type":"page","link":"https:\/\/jeremieb.fr\/index.php\/pro\/","title":{"rendered":"(Tr\u00e8s) PRO"},"content":{"rendered":"\n<blockquote class=\"wp-block-quote is-layout-flow wp-block-quote-is-layout-flow\">\n<p>En quelques mots, je suis un c<em>ollaborateur et manager engag\u00e9, force de proposition.<\/em> <br><em>Organis\u00e9, rigoureux et autonome, je m&rsquo;adapte \u00e0 l&rsquo;\u00e9quipe,<\/em> <em>en faisant preuve d&rsquo;\u00e9coute et de r\u00e9activit\u00e9.<\/em> <br><\/p>\n\n\n\n<p><em>\u00ab\u00a0J&rsquo;ai une id\u00e9e\u00a0\u00bb est certainement la phrase que je prononce le plus ! Et le \u00ab\u00a0jeu\u00a0\u00bb est pour moi une mani\u00e8re de r\u00e9pondre aux enjeux<\/em>.<\/p>\n\n\n\n<p><\/p>\n\n\n\n<p><strong>Ce qui m&rsquo;attire &#8230;<\/strong><\/p>\n<\/blockquote>\n\n\n\n<figure class=\"wp-block-image size-full\"><img loading=\"lazy\" decoding=\"async\" width=\"834\" height=\"540\" src=\"https:\/\/jeremieb.fr\/wp-content\/uploads\/2023\/05\/nuage-de-mots-1-1.png\" alt=\"\" class=\"wp-image-337\" srcset=\"https:\/\/jeremieb.fr\/wp-content\/uploads\/2023\/05\/nuage-de-mots-1-1.png 834w, https:\/\/jeremieb.fr\/wp-content\/uploads\/2023\/05\/nuage-de-mots-1-1-300x194.png 300w, https:\/\/jeremieb.fr\/wp-content\/uploads\/2023\/05\/nuage-de-mots-1-1-768x497.png 768w\" sizes=\"auto, (max-width: 834px) 100vw, 834px\" \/><\/figure>\n\n\n\n<hr class=\"wp-block-separator has-alpha-channel-opacity\"\/>\n\n\n\n<div class=\"wp-block-group\"><div class=\"wp-block-group__inner-container is-layout-constrained wp-block-group-is-layout-constrained\">\n<div class=\"wp-block-buttons is-content-justification-center is-layout-flex wp-container-core-buttons-is-layout-a89b3969 wp-block-buttons-is-layout-flex\">\n<div class=\"wp-block-button\"><a class=\"wp-block-button__link wp-element-button\" href=\"https:\/\/jeremieb.fr\/index.php\/mon-parcours-professionnel\" target=\"_blank\" rel=\"noreferrer noopener\">Mon parcours professionnel<\/a><\/div>\n\n\n\n<div class=\"wp-block-button is-style-fill\"><a class=\"wp-block-button__link wp-element-button\" href=\"https:\/\/jeremieb.fr\/index.php\/mon-experience-professionnelle\/\" target=\"_blank\" rel=\"noreferrer noopener\">Mon exp\u00e9rience professionnelle<\/a><\/div>\n\n\n\n<div class=\"wp-block-button\"><a class=\"wp-block-button__link wp-element-button\" href=\"https:\/\/jeremieb.fr\/index.php\/mes-competences\" target=\"_blank\" rel=\"noreferrer noopener\">Mes comp\u00e9tences<\/a><\/div>\n\n\n\n<div class=\"wp-block-button\"><a class=\"wp-block-button__link wp-element-button\" href=\"https:\/\/jeremieb.fr\/index.php\/missions\/\" target=\"_blank\" rel=\"noreferrer noopener\">Proposition de missions<\/a><\/div>\n\n\n\n<div class=\"wp-block-button\"><a class=\"wp-block-button__link wp-element-button\" href=\"https:\/\/jeremieb.fr\/index.php\/les-formations-que-je-propose\/\" target=\"_blank\" rel=\"noreferrer noopener\">Mes interventions en formation<\/a><\/div>\n\n\n\n<div class=\"wp-block-button\"><a class=\"wp-block-button__link wp-element-button\" href=\"https:\/\/jeremieb.fr\/index.php\/mon-parcours-academique\/\" target=\"_blank\" rel=\"noreferrer noopener\">Mon parcours acad\u00e9mique<\/a><\/div>\n<\/div>\n<\/div><\/div>\n\n\n\n<blockquote class=\"wp-block-quote is-layout-flow wp-block-quote-is-layout-flow\">\n<hr class=\"wp-block-separator has-alpha-channel-opacity\"\/>\n<\/blockquote>\n\n\n\n<hr class=\"wp-block-separator has-alpha-channel-opacity\"\/>\n","protected":false},"excerpt":{"rendered":"<p>En quelques mots, je suis un collaborateur et manager engag\u00e9, force de proposition. Organis\u00e9, rigoureux et autonome, je m&rsquo;adapte \u00e0 l&rsquo;\u00e9quipe, en faisant preuve d&rsquo;\u00e9coute et de r\u00e9activit\u00e9. \u00ab\u00a0J&rsquo;ai une id\u00e9e\u00a0\u00bb est certainement la phrase que je prononce le plus ! Et le \u00ab\u00a0jeu\u00a0\u00bb est pour moi une mani\u00e8re de [&hellip;]<\/p>\n","protected":false},"author":1,"featured_media":0,"parent":0,"menu_order":0,"comment_status":"closed","ping_status":"open","template":"","meta":{"om_disable_all_campaigns":false,"_monsterinsights_skip_tracking":false,"_monsterinsights_sitenote_active":false,"_monsterinsights_sitenote_note":"","_monsterinsights_sitenote_category":0,"_uf_show_specific_survey":0,"_uf_disable_surveys":false,"footnotes":""},"class_list":["post-2","page","type-page","status-publish","hentry"],"_links":{"self":[{"href":"https:\/\/jeremieb.fr\/index.php\/wp-json\/wp\/v2\/pages\/2","targetHints":{"allow":["GET"]}}],"collection":[{"href":"https:\/\/jeremieb.fr\/index.php\/wp-json\/wp\/v2\/pages"}],"about":[{"href":"https:\/\/jeremieb.fr\/index.php\/wp-json\/wp\/v2\/types\/page"}],"author":[{"embeddable":true,"href":"https:\/\/jeremieb.fr\/index.php\/wp-json\/wp\/v2\/users\/1"}],"replies":[{"embeddable":true,"href":"https:\/\/jeremieb.fr\/index.php\/wp-json\/wp\/v2\/comments?post=2"}],"version-history":[{"count":31,"href":"https:\/\/jeremieb.fr\/index.php\/wp-json\/wp\/v2\/pages\/2\/revisions"}],"predecessor-version":[{"id":471,"href":"https:\/\/jeremieb.fr\/index.php\/wp-json\/wp\/v2\/pages\/2\/revisions\/471"}],"wp:attachment":[{"href":"https:\/\/jeremieb.fr\/index.php\/wp-json\/wp\/v2\/media?parent=2"}],"curies":[{"name":"wp","href":"https:\/\/api.w.org\/{rel}","templated":true}]}}