{"id":182,"date":"2023-05-30T13:54:00","date_gmt":"2023-05-30T11:54:00","guid":{"rendered":"https:\/\/jeremieb.fr\/?page_id=182"},"modified":"2023-06-05T22:52:47","modified_gmt":"2023-06-05T20:52:47","slug":"mon-parcours-academique","status":"publish","type":"page","link":"https:\/\/jeremieb.fr\/index.php\/mon-parcours-academique\/","title":{"rendered":"Mon parcours acad\u00e9mique"},"content":{"rendered":"\n<p>Je pourrai vous parler de la maternelle et du primaire \u00e0 <a rel=\"noreferrer noopener\" href=\"https:\/\/ecole-saintjoseph-grandchamp.fr\/\" target=\"_blank\">l&rsquo;\u00e9cole Saint Joseph de Grandchamp des Fontaines (44)<\/a>, et vous partager des photos de Kermesse, ou vous parler du <a rel=\"noreferrer noopener\" href=\"https:\/\/coutanciere.loire-atlantique.e-lyco.fr\/\" target=\"_blank\">Coll\u00e8ge La Coutanci\u00e8re<\/a> \u00e0 La Chapelle sur Erdre (44) o\u00f9 j&rsquo;ai rencontr\u00e9 des amis qui m&rsquo;accompagnent encore aujourd&rsquo;hui, mais vous comprendrez bien que je me contenterai des derni\u00e8res ann\u00e9es seulement !<\/p>\n\n\n\n<hr class=\"wp-block-separator has-alpha-channel-opacity\"\/>\n\n\n\n<p><\/p>\n\n\n\n<div class=\"wp-block-columns is-layout-flex wp-container-core-columns-is-layout-28f84493 wp-block-columns-is-layout-flex\">\n<div class=\"wp-block-column is-layout-flow wp-block-column-is-layout-flow\" style=\"flex-basis:25%\">\n<p><a href=\"https:\/\/www.rennes-sb.fr\/programmes\/master-programme-grande-ecole\/\" target=\"_blank\" rel=\"noreferrer noopener\">Sup de Co<\/a><\/p>\n<\/div>\n\n\n\n<div class=\"wp-block-column is-layout-flow wp-block-column-is-layout-flow\" style=\"flex-basis:50%\">\n<p class=\"has-text-align-center\">Master 2 &#8211; <a rel=\"noreferrer noopener\" href=\"https:\/\/www.rennes-sb.fr\/\" target=\"_blank\">Rennes School of Business<\/a><br>Erasmus &#8211; 6 mois \u00e0 Prague<br>90% des cours en anglais en 3\u00e8me ann\u00e9e<br>Stage de fin d&rsquo;\u00e9tude chez CGI<\/p>\n<\/div>\n\n\n\n<div class=\"wp-block-column is-layout-flow wp-block-column-is-layout-flow\" style=\"flex-basis:25%\">\n<p>Sept. 2004 &#8211; Juin 2007<\/p>\n\n\n\n<p><\/p>\n<\/div>\n<\/div>\n\n\n\n<div class=\"wp-block-columns is-layout-flex wp-container-core-columns-is-layout-28f84493 wp-block-columns-is-layout-flex\">\n<div class=\"wp-block-column is-layout-flow wp-block-column-is-layout-flow\" style=\"flex-basis:25%\">\n<p>Pr\u00e9pa HEC<\/p>\n<\/div>\n\n\n\n<div class=\"wp-block-column is-layout-flow wp-block-column-is-layout-flow\" style=\"flex-basis:50%\">\n<p class=\"has-text-align-center\">Pr\u00e9paration aux concours des Ecoles Sup\u00e9rieures de Commerce <br><a rel=\"noreferrer noopener\" href=\"https:\/\/www.externat-chavagnes.com\/lycee-externat-chavagnes\/\" target=\"_blank\">Lyc\u00e9e Externats des Enfants Nantais <\/a>&#8211; (2\u00e8me ann\u00e9e)<br><a rel=\"noreferrer noopener\" href=\"https:\/\/www.lycee-valin.fr\/RJVALIN\/\" target=\"_blank\">Lyc\u00e9e Ren\u00e9 Josu\u00e9 Valin \u00e0 La Rochelle<\/a> (1\u00e8re ann\u00e9e.)<\/p>\n<\/div>\n\n\n\n<div class=\"wp-block-column is-layout-flow wp-block-column-is-layout-flow\" style=\"flex-basis:25%\">\n<p>Sept. 2002 &#8211; Juin 2004<\/p>\n\n\n\n<p><\/p>\n<\/div>\n<\/div>\n\n\n\n<div class=\"wp-block-columns is-layout-flex wp-container-core-columns-is-layout-28f84493 wp-block-columns-is-layout-flex\">\n<div class=\"wp-block-column is-layout-flow wp-block-column-is-layout-flow\" style=\"flex-basis:25%\">\n<p>Seconde \u00e0 Terminal<\/p>\n<\/div>\n\n\n\n<div class=\"wp-block-column is-layout-flow wp-block-column-is-layout-flow\" style=\"flex-basis:50%\">\n<p class=\"has-text-align-center\">Baccalaur\u00e9at Scientifique &#8211; Option Math <br><a rel=\"noreferrer noopener\" href=\"https:\/\/jules-verne.paysdelaloire.e-lyco.fr\/\" target=\"_blank\">Lyc\u00e9e Jules Verne \u00e0 Nantes<\/a><\/p>\n<\/div>\n\n\n\n<div class=\"wp-block-column is-layout-flow wp-block-column-is-layout-flow\" style=\"flex-basis:25%\">\n<p>Sept. 1999 &#8211; Juin 2002<\/p>\n\n\n\n<p><\/p>\n<\/div>\n<\/div>\n\n\n\n<figure class=\"wp-block-gallery has-nested-images columns-default is-cropped wp-block-gallery-1 is-layout-flex wp-block-gallery-is-layout-flex\">\n<figure class=\"wp-block-image size-large\"><img loading=\"lazy\" decoding=\"async\" width=\"755\" height=\"453\" data-id=\"186\" src=\"https:\/\/jeremieb.fr\/wp-content\/uploads\/2023\/05\/Rennes-School-of-Business-img.jpg\" alt=\"\" class=\"wp-image-186\" srcset=\"https:\/\/jeremieb.fr\/wp-content\/uploads\/2023\/05\/Rennes-School-of-Business-img.jpg 755w, https:\/\/jeremieb.fr\/wp-content\/uploads\/2023\/05\/Rennes-School-of-Business-img-300x180.jpg 300w\" sizes=\"auto, (max-width: 755px) 100vw, 755px\" \/><\/figure>\n\n\n\n<figure class=\"wp-block-image size-large\"><img loading=\"lazy\" decoding=\"async\" width=\"256\" height=\"197\" data-id=\"185\" src=\"https:\/\/jeremieb.fr\/wp-content\/uploads\/2023\/05\/renneslogo.png\" alt=\"\" class=\"wp-image-185\"\/><\/figure>\n\n\n\n<figure class=\"wp-block-image size-large\"><img loading=\"lazy\" decoding=\"async\" width=\"1024\" height=\"682\" data-id=\"188\" src=\"https:\/\/jeremieb.fr\/wp-content\/uploads\/2023\/05\/esc-campus-rennes-1024x682.jpg\" alt=\"\" class=\"wp-image-188\" srcset=\"https:\/\/jeremieb.fr\/wp-content\/uploads\/2023\/05\/esc-campus-rennes-1024x682.jpg 1024w, https:\/\/jeremieb.fr\/wp-content\/uploads\/2023\/05\/esc-campus-rennes-300x200.jpg 300w, https:\/\/jeremieb.fr\/wp-content\/uploads\/2023\/05\/esc-campus-rennes-768x512.jpg 768w, https:\/\/jeremieb.fr\/wp-content\/uploads\/2023\/05\/esc-campus-rennes-360x240.jpg 360w, https:\/\/jeremieb.fr\/wp-content\/uploads\/2023\/05\/esc-campus-rennes.jpg 1400w\" sizes=\"auto, (max-width: 1024px) 100vw, 1024px\" \/><\/figure>\n\n\n\n<figure class=\"wp-block-image size-large\"><img loading=\"lazy\" decoding=\"async\" width=\"1000\" height=\"500\" data-id=\"187\" src=\"https:\/\/jeremieb.fr\/wp-content\/uploads\/2023\/05\/renejosuevalin.jpg\" alt=\"\" class=\"wp-image-187\" srcset=\"https:\/\/jeremieb.fr\/wp-content\/uploads\/2023\/05\/renejosuevalin.jpg 1000w, https:\/\/jeremieb.fr\/wp-content\/uploads\/2023\/05\/renejosuevalin-300x150.jpg 300w, https:\/\/jeremieb.fr\/wp-content\/uploads\/2023\/05\/renejosuevalin-768x384.jpg 768w\" sizes=\"auto, (max-width: 1000px) 100vw, 1000px\" \/><\/figure>\n\n\n\n<figure class=\"wp-block-image size-large\"><img loading=\"lazy\" decoding=\"async\" width=\"1024\" height=\"536\" data-id=\"190\" src=\"https:\/\/jeremieb.fr\/wp-content\/uploads\/2023\/05\/St-Joseph-1024x536.jpg\" alt=\"\" class=\"wp-image-190\" srcset=\"https:\/\/jeremieb.fr\/wp-content\/uploads\/2023\/05\/St-Joseph-1024x536.jpg 1024w, https:\/\/jeremieb.fr\/wp-content\/uploads\/2023\/05\/St-Joseph-300x157.jpg 300w, https:\/\/jeremieb.fr\/wp-content\/uploads\/2023\/05\/St-Joseph-768x402.jpg 768w, https:\/\/jeremieb.fr\/wp-content\/uploads\/2023\/05\/St-Joseph-1536x804.jpg 1536w, https:\/\/jeremieb.fr\/wp-content\/uploads\/2023\/05\/St-Joseph.jpg 1834w\" sizes=\"auto, (max-width: 1024px) 100vw, 1024px\" \/><\/figure>\n\n\n\n<figure class=\"wp-block-image size-large\"><img loading=\"lazy\" decoding=\"async\" width=\"1024\" height=\"683\" data-id=\"192\" src=\"https:\/\/jeremieb.fr\/wp-content\/uploads\/2023\/05\/college_coutanciere-1024x683.jpg\" alt=\"\" class=\"wp-image-192\" srcset=\"https:\/\/jeremieb.fr\/wp-content\/uploads\/2023\/05\/college_coutanciere-1024x683.jpg 1024w, https:\/\/jeremieb.fr\/wp-content\/uploads\/2023\/05\/college_coutanciere-300x200.jpg 300w, https:\/\/jeremieb.fr\/wp-content\/uploads\/2023\/05\/college_coutanciere-768x512.jpg 768w, https:\/\/jeremieb.fr\/wp-content\/uploads\/2023\/05\/college_coutanciere-1536x1024.jpg 1536w, https:\/\/jeremieb.fr\/wp-content\/uploads\/2023\/05\/college_coutanciere-2048x1365.jpg 2048w, https:\/\/jeremieb.fr\/wp-content\/uploads\/2023\/05\/college_coutanciere-360x240.jpg 360w\" sizes=\"auto, (max-width: 1024px) 100vw, 1024px\" \/><\/figure>\n\n\n\n<figure class=\"wp-block-image size-large\"><img loading=\"lazy\" decoding=\"async\" width=\"1024\" height=\"683\" data-id=\"189\" src=\"https:\/\/jeremieb.fr\/wp-content\/uploads\/2023\/05\/externat-1024x683.jpeg\" alt=\"\" class=\"wp-image-189\" srcset=\"https:\/\/jeremieb.fr\/wp-content\/uploads\/2023\/05\/externat-1024x683.jpeg 1024w, https:\/\/jeremieb.fr\/wp-content\/uploads\/2023\/05\/externat-300x200.jpeg 300w, https:\/\/jeremieb.fr\/wp-content\/uploads\/2023\/05\/externat-768x512.jpeg 768w, https:\/\/jeremieb.fr\/wp-content\/uploads\/2023\/05\/externat-360x240.jpeg 360w, https:\/\/jeremieb.fr\/wp-content\/uploads\/2023\/05\/externat.jpeg 1260w\" sizes=\"auto, (max-width: 1024px) 100vw, 1024px\" \/><\/figure>\n\n\n\n<figure class=\"wp-block-image size-large\"><img loading=\"lazy\" decoding=\"async\" width=\"1024\" height=\"889\" data-id=\"191\" src=\"https:\/\/jeremieb.fr\/wp-content\/uploads\/2023\/05\/Nantes_-_Lycee_Jules_Verne_-_01-1024x889.jpg\" alt=\"\" class=\"wp-image-191\" srcset=\"https:\/\/jeremieb.fr\/wp-content\/uploads\/2023\/05\/Nantes_-_Lycee_Jules_Verne_-_01-1024x889.jpg 1024w, https:\/\/jeremieb.fr\/wp-content\/uploads\/2023\/05\/Nantes_-_Lycee_Jules_Verne_-_01-300x261.jpg 300w, https:\/\/jeremieb.fr\/wp-content\/uploads\/2023\/05\/Nantes_-_Lycee_Jules_Verne_-_01-768x667.jpg 768w, https:\/\/jeremieb.fr\/wp-content\/uploads\/2023\/05\/Nantes_-_Lycee_Jules_Verne_-_01.jpg 1200w\" sizes=\"auto, (max-width: 1024px) 100vw, 1024px\" \/><\/figure>\n<\/figure>\n\n\n\n<div class=\"wp-block-buttons is-content-justification-center is-layout-flex wp-container-core-buttons-is-layout-a89b3969 wp-block-buttons-is-layout-flex\">\n<div class=\"wp-block-button\"><a class=\"wp-block-button__link wp-element-button\" href=\"https:\/\/jeremieb.fr\/index.php\/mon-parcours-professionnel\" target=\"_blank\" rel=\"noreferrer noopener\">Mon parcours professionnel<\/a><\/div>\n\n\n\n<div class=\"wp-block-button\"><a class=\"wp-block-button__link wp-element-button\" href=\"https:\/\/jeremieb.fr\/index.php\/mon-experience-professionnelle\/\">Mon exp\u00e9rience professionnelle<\/a><\/div>\n\n\n\n<div class=\"wp-block-button\"><a class=\"wp-block-button__link wp-element-button\" href=\"https:\/\/jeremieb.fr\/index.php\/mes-competences\" target=\"_blank\" rel=\"noreferrer noopener\">Mes comp\u00e9tences<\/a><\/div>\n\n\n\n<div class=\"wp-block-button\"><a class=\"wp-block-button__link wp-element-button\" href=\"https:\/\/jeremieb.fr\/index.php\/missions\/\" target=\"_blank\" rel=\"noreferrer noopener\">Proposition de missions<\/a><\/div>\n\n\n\n<div class=\"wp-block-button\"><a class=\"wp-block-button__link wp-element-button\" href=\"https:\/\/jeremieb.fr\/index.php\/les-formations-que-je-propose\/\" target=\"_blank\" rel=\"noreferrer noopener\">Mes interventions en formation<\/a><\/div>\n<\/div>\n","protected":false},"excerpt":{"rendered":"<p>Je pourrai vous parler de la maternelle et du primaire \u00e0 l&rsquo;\u00e9cole Saint Joseph de Grandchamp des Fontaines (44), et vous partager des photos de Kermesse, ou vous parler du Coll\u00e8ge La Coutanci\u00e8re \u00e0 La Chapelle sur Erdre (44) o\u00f9 j&rsquo;ai rencontr\u00e9 des amis qui m&rsquo;accompagnent encore aujourd&rsquo;hui, mais vous [&hellip;]<\/p>\n","protected":false},"author":1,"featured_media":0,"parent":0,"menu_order":0,"comment_status":"closed","ping_status":"closed","template":"","meta":{"om_disable_all_campaigns":false,"_monsterinsights_skip_tracking":false,"_monsterinsights_sitenote_active":false,"_monsterinsights_sitenote_note":"","_monsterinsights_sitenote_category":0,"_uf_show_specific_survey":0,"_uf_disable_surveys":false,"footnotes":""},"class_list":["post-182","page","type-page","status-publish","hentry"],"_links":{"self":[{"href":"https:\/\/jeremieb.fr\/index.php\/wp-json\/wp\/v2\/pages\/182","targetHints":{"allow":["GET"]}}],"collection":[{"href":"https:\/\/jeremieb.fr\/index.php\/wp-json\/wp\/v2\/pages"}],"about":[{"href":"https:\/\/jeremieb.fr\/index.php\/wp-json\/wp\/v2\/types\/page"}],"author":[{"embeddable":true,"href":"https:\/\/jeremieb.fr\/index.php\/wp-json\/wp\/v2\/users\/1"}],"replies":[{"embeddable":true,"href":"https:\/\/jeremieb.fr\/index.php\/wp-json\/wp\/v2\/comments?post=182"}],"version-history":[{"count":9,"href":"https:\/\/jeremieb.fr\/index.php\/wp-json\/wp\/v2\/pages\/182\/revisions"}],"predecessor-version":[{"id":419,"href":"https:\/\/jeremieb.fr\/index.php\/wp-json\/wp\/v2\/pages\/182\/revisions\/419"}],"wp:attachment":[{"href":"https:\/\/jeremieb.fr\/index.php\/wp-json\/wp\/v2\/media?parent=182"}],"curies":[{"name":"wp","href":"https:\/\/api.w.org\/{rel}","templated":true}]}}