{"id":162,"date":"2023-05-29T22:11:39","date_gmt":"2023-05-29T20:11:39","guid":{"rendered":"https:\/\/jeremieb.fr\/?page_id=162"},"modified":"2023-05-29T22:36:29","modified_gmt":"2023-05-29T20:36:29","slug":"limmobilier","status":"publish","type":"page","link":"https:\/\/jeremieb.fr\/index.php\/limmobilier\/","title":{"rendered":"L&rsquo;immobilier"},"content":{"rendered":"\n<p>Cela peut para\u00eetre \u00e9tonnant, mais l&rsquo;immobilier pour moi est comme une \u00ab\u00a0passion\u00a0\u00bb, toute la gestion que cela n\u00e9cessite est source d&rsquo;\u00e9panouissement. C&rsquo;est enrichissant car riche, vari\u00e9 et challengeant.<\/p>\n\n\n\n<div class=\"wp-block-columns alignwide is-layout-flex wp-container-core-columns-is-layout-d2da2050 wp-block-columns-is-layout-flex\" style=\"margin-bottom:0\">\n<div class=\"wp-block-column has-text-color has-background has-link-color wp-elements-ffaa8804549de00e5c24355aaf797046 is-layout-flow wp-block-column-is-layout-flow\" style=\"color:#000000;background-color:#ffe97d;padding-top:2em;padding-right:2em;padding-bottom:2em;padding-left:2em\">\n<h2 class=\"wp-block-heading has-text-align-center\" id=\"single\" style=\"font-size:40px\">Engagement <\/h2>\n\n\n\n<p class=\"has-normal-font-size\" style=\"line-height:1.5\"><strong>Syndic b\u00e9n\u00e9vole<\/strong> depuis 2017<\/p>\n\n\n\n<hr class=\"wp-block-separator has-text-color has-css-opacity has-background is-style-wide\" style=\"background-color:#000000;color:#000000\"\/>\n\n\n\n<ul class=\"has-normal-font-size wp-block-list\">\n<li>Gestion de budget<\/li>\n\n\n\n<li>Assembl\u00e9e G\u00e9n\u00e9rale\n<ul class=\"wp-block-list\">\n<li>Organisation<\/li>\n\n\n\n<li>Animation<\/li>\n\n\n\n<li>Compte-Rendu<\/li>\n<\/ul>\n<\/li>\n\n\n\n<li>Suivi des projets<\/li>\n\n\n\n<li>Relation avec les organismes externes (Banque, Mairie, Notaires, Artisans&#8230;)<\/li>\n<\/ul>\n\n\n\n<div class=\"wp-block-buttons alignfull is-horizontal is-content-justification-center is-layout-flex wp-container-core-buttons-is-layout-03627597 wp-block-buttons-is-layout-flex\">\n<div class=\"wp-block-button has-custom-width wp-block-button__width-100\"><a class=\"wp-block-button__link has-white-color has-text-color has-background no-border-radius wp-element-button\" style=\"background-color:#000000\">Copropri\u00e9t\u00e9 de 5 biens (Douarnenez 29)<\/a><\/div>\n<\/div>\n<\/div>\n\n\n\n<div class=\"wp-block-column has-text-color has-background has-link-color wp-elements-189dfb037db6ccba547198720eef4592 is-layout-flow wp-block-column-is-layout-flow\" style=\"color:#000000;background-color:#d1d1e1;padding-top:2em;padding-right:2em;padding-bottom:2em;padding-left:2em\">\n<h2 class=\"wp-block-heading has-text-align-center\" id=\"family\" style=\"font-size:40px\">Gestion<\/h2>\n\n\n\n<p class=\"has-normal-font-size\" style=\"line-height:1.5\"><strong>G\u00e9rant de SCI<\/strong><\/p>\n\n\n\n<hr class=\"wp-block-separator has-css-opacity is-style-wide\"\/>\n\n\n\n<ul class=\"has-normal-font-size wp-block-list\">\n<li>Constitution de 2 SCI<\/li>\n\n\n\n<li>Gestion des 2 SCI\n\n\n<ul class=\"wp-block-list\">\n<li>Assembl\u00e9e G\u00e9n\u00e9rale<\/li>\n\n\n\n<li>Gestion budg\u00e9taire<\/li>\n<\/ul>\n\n\n\n<ul class=\"wp-block-list\">\n<li>Comptabilit\u00e9<\/li>\n\n\n\n<li>D\u00e9clarations fiscales<\/li>\n<\/ul>\n<\/li>\n\n\n\n<li>Relation avec les organismes externes (Banque, Mairie, Notaires, Artisans&#8230;)<\/li>\n<\/ul>\n\n\n\n<div class=\"wp-block-buttons alignfull is-horizontal is-content-justification-center is-layout-flex wp-container-core-buttons-is-layout-03627597 wp-block-buttons-is-layout-flex\">\n<div class=\"wp-block-button has-custom-width wp-block-button__width-100 is-style-fill\"><a class=\"wp-block-button__link has-white-color has-text-color has-background no-border-radius wp-element-button\" style=\"background-color:#000000\">2 SCIs<\/a><\/div>\n<\/div>\n<\/div>\n\n\n\n<div class=\"wp-block-column has-text-color has-background has-link-color wp-elements-3237d9877d30a248bffa06cf103611d1 is-layout-flow wp-block-column-is-layout-flow\" style=\"color:#000000;background-color:#c0ebf1;padding-top:2em;padding-right:2em;padding-bottom:2em;padding-left:2em\">\n<h2 class=\"wp-block-heading has-text-align-center\" id=\"patron\" style=\"font-size:40px\">Echanges<\/h2>\n\n\n\n<p class=\"has-normal-font-size\"><strong>Gestion locative<\/strong> <strong>nue et saisonni\u00e8re<\/strong><\/p>\n\n\n\n<hr class=\"wp-block-separator has-css-opacity is-style-wide\"\/>\n\n\n\n<ul class=\"has-normal-font-size wp-block-list\">\n<li>Contrat de location<\/li>\n\n\n\n<li>Mise en ligne (Airbnb, Booking, LBC, N&rsquo;PY, Channel Manager)<\/li>\n\n\n\n<li>Communication (Facebook)<\/li>\n\n\n\n<li>Gestion logistique<\/li>\n\n\n\n<li>Relation clients<\/li>\n\n\n\n<li>Gestion des travaux<\/li>\n\n\n\n<li>Administratif<\/li>\n<\/ul>\n\n\n\n<div class=\"wp-block-buttons alignfull is-horizontal is-content-justification-center is-layout-flex wp-container-core-buttons-is-layout-03627597 wp-block-buttons-is-layout-flex\">\n<div class=\"wp-block-button has-custom-width wp-block-button__width-100\"><a class=\"wp-block-button__link has-white-color has-text-color has-background no-border-radius wp-element-button\" style=\"background-color:#000000\">Location \u00e0 l&rsquo;ann\u00e9e et de saison<\/a><\/div>\n<\/div>\n<\/div>\n<\/div>\n","protected":false},"excerpt":{"rendered":"<p>Cela peut para\u00eetre \u00e9tonnant, mais l&rsquo;immobilier pour moi est comme une \u00ab\u00a0passion\u00a0\u00bb, toute la gestion que cela n\u00e9cessite est source d&rsquo;\u00e9panouissement. C&rsquo;est enrichissant car riche, vari\u00e9 et challengeant. Engagement Syndic b\u00e9n\u00e9vole depuis 2017 Gestion G\u00e9rant de SCI Echanges Gestion locative nue et saisonni\u00e8re<\/p>\n","protected":false},"author":1,"featured_media":0,"parent":0,"menu_order":0,"comment_status":"closed","ping_status":"closed","template":"","meta":{"om_disable_all_campaigns":false,"_monsterinsights_skip_tracking":false,"_monsterinsights_sitenote_active":false,"_monsterinsights_sitenote_note":"","_monsterinsights_sitenote_category":0,"_uf_show_specific_survey":0,"_uf_disable_surveys":false,"footnotes":""},"class_list":["post-162","page","type-page","status-publish","hentry"],"_links":{"self":[{"href":"https:\/\/jeremieb.fr\/index.php\/wp-json\/wp\/v2\/pages\/162","targetHints":{"allow":["GET"]}}],"collection":[{"href":"https:\/\/jeremieb.fr\/index.php\/wp-json\/wp\/v2\/pages"}],"about":[{"href":"https:\/\/jeremieb.fr\/index.php\/wp-json\/wp\/v2\/types\/page"}],"author":[{"embeddable":true,"href":"https:\/\/jeremieb.fr\/index.php\/wp-json\/wp\/v2\/users\/1"}],"replies":[{"embeddable":true,"href":"https:\/\/jeremieb.fr\/index.php\/wp-json\/wp\/v2\/comments?post=162"}],"version-history":[{"count":3,"href":"https:\/\/jeremieb.fr\/index.php\/wp-json\/wp\/v2\/pages\/162\/revisions"}],"predecessor-version":[{"id":168,"href":"https:\/\/jeremieb.fr\/index.php\/wp-json\/wp\/v2\/pages\/162\/revisions\/168"}],"wp:attachment":[{"href":"https:\/\/jeremieb.fr\/index.php\/wp-json\/wp\/v2\/media?parent=162"}],"curies":[{"name":"wp","href":"https:\/\/api.w.org\/{rel}","templated":true}]}}