{"id":153,"date":"2023-05-29T19:16:00","date_gmt":"2023-05-29T17:16:00","guid":{"rendered":"https:\/\/jeremieb.fr\/?page_id=153"},"modified":"2023-05-29T21:49:54","modified_gmt":"2023-05-29T19:49:54","slug":"larbitrage","status":"publish","type":"page","link":"https:\/\/jeremieb.fr\/index.php\/larbitrage\/","title":{"rendered":"L&rsquo;arbitrage"},"content":{"rendered":"\n<p>L&rsquo;arbitrage de football, c&rsquo;est tout simplement plus de la moiti\u00e9 de ma vie, puisque j&rsquo;y ai goutt\u00e9 \u00e0 16 ans, et  n&rsquo;est pas l\u00e2ch\u00e9 le sujet depuis. J&rsquo;y \u00e9voque ici quelques faits majeurs.<\/p>\n\n\n\n<p>Comme <a href=\"https:\/\/jeremieb.fr\/index.php\/2023\/05\/29\/larbitrage-comme-ecole-de-la-vie\/\" target=\"_blank\" rel=\"noreferrer noopener\">\u00e9voqu\u00e9 par ailleurs<\/a>, l&rsquo;arbitrage est une \u00e9cole de la vie qui vous fait grandir, vous invite \u00e0 prendre des responsabilit\u00e9s, vous permet de faire de belles rencontres, et d&rsquo;\u00e9voluer dans la vie personnelle et professionnelle.<\/p>\n\n\n\n<p>Apr\u00e8s ma carri\u00e8re, et m\u00eame avant la fin de celle-ci, il me semblait \u00e9vident de rendre ce que l&rsquo;arbitrage m&rsquo;avait apport\u00e9, en m&rsquo;impliquant dans les instances locales, en conseillant les arbitres \u00e0 mon tour, et en devenant dirigeant de <a rel=\"noreferrer noopener\" href=\"http:\/\/www.unaf44.fr\" target=\"_blank\">l&rsquo;association d\u00e9partementale des arbitres<\/a>.<\/p>\n\n\n\n<p>Cette association a pour missions principales de prot\u00e9ger et repr\u00e9senter les arbitres, de promouvoir la fonction, de cr\u00e9er un lien entre des acteurs isol\u00e9s du football en amenant convivialit\u00e9 et solidarit\u00e9.<\/p>\n\n\n\n<div class=\"wp-block-columns alignwide is-layout-flex wp-container-core-columns-is-layout-d2da2050 wp-block-columns-is-layout-flex\" style=\"margin-bottom:0\">\n<div class=\"wp-block-column has-text-color has-background has-link-color wp-elements-905f4eddbdb1cf788681ff37fe66b2fe is-layout-flow wp-block-column-is-layout-flow\" style=\"color:#000000;background-color:#ffe97d;padding-top:2em;padding-right:2em;padding-bottom:2em;padding-left:2em\">\n<h2 class=\"wp-block-heading has-text-align-center\" id=\"single\" style=\"font-size:40px\">Action<\/h2>\n\n\n\n<p class=\"has-normal-font-size\" style=\"line-height:1.5\"><strong>Arbitre de 2000 \u00e0 2018<\/strong> <\/p>\n\n\n\n<hr class=\"wp-block-separator has-text-color has-css-opacity has-background is-style-wide\" style=\"background-color:#000000;color:#000000\"\/>\n\n\n\n<ul class=\"has-normal-font-size wp-block-list\">\n<li>Finale de Ligue Atlantique<\/li>\n\n\n\n<li>32\u00e8me de finale de Coupe de France en tant que 4\u00e8me arbitre<\/li>\n\n\n\n<li>Match amical FC Nantes &#8211; Cor\u00e9e du Nord<\/li>\n\n\n\n<li>Match amical Vannes OC &#8211; PSG<\/li>\n\n\n\n<li>Finale de diff\u00e9rents tournois nationaux de la r\u00e9gion nantaise (Orvault, Rez\u00e9,&#8230;)<\/li>\n<\/ul>\n\n\n\n<div class=\"wp-block-buttons alignfull is-horizontal is-content-justification-center is-layout-flex wp-container-core-buttons-is-layout-03627597 wp-block-buttons-is-layout-flex\">\n<div class=\"wp-block-button has-custom-width wp-block-button__width-100\"><a class=\"wp-block-button__link has-white-color has-text-color has-background no-border-radius wp-element-button\" style=\"background-color:#000000\">Arbitre central jusqu&rsquo;en National 2<\/a><\/div>\n<\/div>\n<\/div>\n\n\n\n<div class=\"wp-block-column has-text-color has-background has-link-color wp-elements-3e293a644f858ed87f8e803394ca66ca is-layout-flow wp-block-column-is-layout-flow\" style=\"color:#000000;background-color:#d1d1e1;padding-top:2em;padding-right:2em;padding-bottom:2em;padding-left:2em\">\n<h2 class=\"wp-block-heading has-text-align-center\" id=\"family\" style=\"font-size:40px\">Transmission<\/h2>\n\n\n\n<p class=\"has-normal-font-size\" style=\"line-height:1.5\"><strong>Observateur d&rsquo;arbitres depuis 2017<\/strong><\/p>\n\n\n\n<hr class=\"wp-block-separator has-css-opacity is-style-wide\"\/>\n\n\n\n<ul class=\"has-normal-font-size wp-block-list\">\n<li>Observer un arbitre c&rsquo;est \n<ul class=\"wp-block-list\">\n<li>Conseiller et guider<\/li>\n<\/ul>\n\n\n\n<ul class=\"wp-block-list\">\n<li>Noter et classer<\/li>\n<\/ul>\n\n\n\n<ul class=\"wp-block-list\">\n<li>Faire \u00e9voluer<\/li>\n<\/ul>\n<\/li>\n\n\n\n<li>Observateur des jeunes arbitres f\u00e9d\u00e9raux pendant 3 ann\u00e9es<\/li>\n\n\n\n<li>Membre de commission d\u00e9partementale des arbitres (2 ann\u00e9es)<\/li>\n<\/ul>\n\n\n\n<div class=\"wp-block-buttons alignfull is-horizontal is-content-justification-center is-layout-flex wp-container-core-buttons-is-layout-03627597 wp-block-buttons-is-layout-flex\">\n<div class=\"wp-block-button has-custom-width wp-block-button__width-100 is-style-fill\"><a class=\"wp-block-button__link has-white-color has-text-color has-background no-border-radius wp-element-button\" style=\"background-color:#000000\">Observateur en National 3<\/a><\/div>\n<\/div>\n<\/div>\n\n\n\n<div class=\"wp-block-column has-text-color has-background has-link-color wp-elements-13547c8775d7c92f27e7736052f62252 is-layout-flow wp-block-column-is-layout-flow\" style=\"color:#000000;background-color:#c0ebf1;padding-top:2em;padding-right:2em;padding-bottom:2em;padding-left:2em\">\n<h2 class=\"wp-block-heading has-text-align-center\" id=\"patron\" style=\"font-size:40px\">Don<\/h2>\n\n\n\n<p class=\"has-normal-font-size\"><strong>Elu \u00e0 l&rsquo;UNAF 44 depuis 2008<\/strong><\/p>\n\n\n\n<hr class=\"wp-block-separator has-css-opacity is-style-wide\"\/>\n\n\n\n<ul class=\"has-normal-font-size wp-block-list\">\n<li>Animation de secteur g\u00e9ographique (Blain)<\/li>\n\n\n\n<li>Pr\u00e9sident durant 4 ann\u00e9es (350 \u00e0 400 adh\u00e9rents environ chaque ann\u00e9e)<\/li>\n\n\n\n<li>Membre toujours actifs pour l&rsquo;organisation des diff\u00e9rents \u00e9v\u00e9nements et les relations avec les instances.<\/li>\n<\/ul>\n\n\n\n<div class=\"wp-block-buttons alignfull is-horizontal is-content-justification-center is-layout-flex wp-container-core-buttons-is-layout-03627597 wp-block-buttons-is-layout-flex\">\n<div class=\"wp-block-button has-custom-width wp-block-button__width-100\"><a class=\"wp-block-button__link has-white-color has-text-color has-background no-border-radius wp-element-button\" style=\"background-color:#000000\">Vice-Pr\u00e9sident<\/a><\/div>\n<\/div>\n<\/div>\n<\/div>\n","protected":false},"excerpt":{"rendered":"<p>L&rsquo;arbitrage de football, c&rsquo;est tout simplement plus de la moiti\u00e9 de ma vie, puisque j&rsquo;y ai goutt\u00e9 \u00e0 16 ans, et n&rsquo;est pas l\u00e2ch\u00e9 le sujet depuis. J&rsquo;y \u00e9voque ici quelques faits majeurs. Comme \u00e9voqu\u00e9 par ailleurs, l&rsquo;arbitrage est une \u00e9cole de la vie qui vous fait grandir, vous invite [&hellip;]<\/p>\n","protected":false},"author":1,"featured_media":0,"parent":0,"menu_order":0,"comment_status":"closed","ping_status":"closed","template":"","meta":{"om_disable_all_campaigns":false,"_monsterinsights_skip_tracking":false,"_monsterinsights_sitenote_active":false,"_monsterinsights_sitenote_note":"","_monsterinsights_sitenote_category":0,"_uf_show_specific_survey":0,"_uf_disable_surveys":false,"footnotes":""},"class_list":["post-153","page","type-page","status-publish","hentry"],"_links":{"self":[{"href":"https:\/\/jeremieb.fr\/index.php\/wp-json\/wp\/v2\/pages\/153","targetHints":{"allow":["GET"]}}],"collection":[{"href":"https:\/\/jeremieb.fr\/index.php\/wp-json\/wp\/v2\/pages"}],"about":[{"href":"https:\/\/jeremieb.fr\/index.php\/wp-json\/wp\/v2\/types\/page"}],"author":[{"embeddable":true,"href":"https:\/\/jeremieb.fr\/index.php\/wp-json\/wp\/v2\/users\/1"}],"replies":[{"embeddable":true,"href":"https:\/\/jeremieb.fr\/index.php\/wp-json\/wp\/v2\/comments?post=153"}],"version-history":[{"count":3,"href":"https:\/\/jeremieb.fr\/index.php\/wp-json\/wp\/v2\/pages\/153\/revisions"}],"predecessor-version":[{"id":161,"href":"https:\/\/jeremieb.fr\/index.php\/wp-json\/wp\/v2\/pages\/153\/revisions\/161"}],"wp:attachment":[{"href":"https:\/\/jeremieb.fr\/index.php\/wp-json\/wp\/v2\/media?parent=153"}],"curies":[{"name":"wp","href":"https:\/\/api.w.org\/{rel}","templated":true}]}}