{"id":116,"date":"2023-05-28T19:12:50","date_gmt":"2023-05-28T17:12:50","guid":{"rendered":"https:\/\/jeremieb.fr\/?page_id=116"},"modified":"2023-05-28T19:12:51","modified_gmt":"2023-05-28T17:12:51","slug":"voyages-voyages","status":"publish","type":"page","link":"https:\/\/jeremieb.fr\/index.php\/voyages-voyages\/","title":{"rendered":"Voyages, voyages"},"content":{"rendered":"\n<p>Avant de partager plus en d\u00e9tail certains voyages, voici un aper\u00e7u g\u00e9n\u00e9ral ! <\/p>\n\n\n<div class=\"wp-block-image\">\n<figure class=\"aligncenter size-large\"><img loading=\"lazy\" decoding=\"async\" width=\"1024\" height=\"552\" src=\"https:\/\/jeremieb.fr\/wp-content\/uploads\/2023\/05\/How-much-world-1024x552.png\" alt=\"\" class=\"wp-image-117\" srcset=\"https:\/\/jeremieb.fr\/wp-content\/uploads\/2023\/05\/How-much-world-1024x552.png 1024w, https:\/\/jeremieb.fr\/wp-content\/uploads\/2023\/05\/How-much-world-300x162.png 300w, https:\/\/jeremieb.fr\/wp-content\/uploads\/2023\/05\/How-much-world-768x414.png 768w, https:\/\/jeremieb.fr\/wp-content\/uploads\/2023\/05\/How-much-world-1536x828.png 1536w, https:\/\/jeremieb.fr\/wp-content\/uploads\/2023\/05\/How-much-world.png 1620w\" sizes=\"auto, (max-width: 1024px) 100vw, 1024px\" \/><\/figure>\n<\/div>\n\n\n<p><a rel=\"noreferrer noopener\" href=\"https:\/\/howmuch.world\/?countries=ml-ma-tn-cn-hk-la-th-at-be-ba-hr-cz-fr-de-gr-hu-it-xk-mc-me-pl-pt-rs-sk-es-gb-do-mq-vc-au-nz\" target=\"_blank\"><em>Cette carte a \u00e9t\u00e9 g\u00e9n\u00e9r\u00e9e avec le site howmuch.world<\/em><\/a><\/p>\n","protected":false},"excerpt":{"rendered":"<p>Avant de partager plus en d\u00e9tail certains voyages, voici un aper\u00e7u g\u00e9n\u00e9ral ! Cette carte a \u00e9t\u00e9 g\u00e9n\u00e9r\u00e9e avec le site howmuch.world<\/p>\n","protected":false},"author":1,"featured_media":0,"parent":0,"menu_order":0,"comment_status":"closed","ping_status":"closed","template":"","meta":{"om_disable_all_campaigns":false,"_monsterinsights_skip_tracking":false,"_monsterinsights_sitenote_active":false,"_monsterinsights_sitenote_note":"","_monsterinsights_sitenote_category":0,"_uf_show_specific_survey":0,"_uf_disable_surveys":false,"footnotes":""},"class_list":["post-116","page","type-page","status-publish","hentry"],"_links":{"self":[{"href":"https:\/\/jeremieb.fr\/index.php\/wp-json\/wp\/v2\/pages\/116","targetHints":{"allow":["GET"]}}],"collection":[{"href":"https:\/\/jeremieb.fr\/index.php\/wp-json\/wp\/v2\/pages"}],"about":[{"href":"https:\/\/jeremieb.fr\/index.php\/wp-json\/wp\/v2\/types\/page"}],"author":[{"embeddable":true,"href":"https:\/\/jeremieb.fr\/index.php\/wp-json\/wp\/v2\/users\/1"}],"replies":[{"embeddable":true,"href":"https:\/\/jeremieb.fr\/index.php\/wp-json\/wp\/v2\/comments?post=116"}],"version-history":[{"count":1,"href":"https:\/\/jeremieb.fr\/index.php\/wp-json\/wp\/v2\/pages\/116\/revisions"}],"predecessor-version":[{"id":118,"href":"https:\/\/jeremieb.fr\/index.php\/wp-json\/wp\/v2\/pages\/116\/revisions\/118"}],"wp:attachment":[{"href":"https:\/\/jeremieb.fr\/index.php\/wp-json\/wp\/v2\/media?parent=116"}],"curies":[{"name":"wp","href":"https:\/\/api.w.org\/{rel}","templated":true}]}}